{"id":51598,"date":"2026-02-24T12:44:06","date_gmt":"2026-02-24T11:44:06","guid":{"rendered":"https:\/\/imprimeideas.es\/?post_type=product&p=51598"},"modified":"2026-02-26T18:08:05","modified_gmt":"2026-02-26T17:08:05","slug":"tabla-olisar","status":"publish","type":"product","link":"https:\/\/imprimeideas.es\/en\/product\/tabla-olisar\/","title":{"rendered":"Tabla Olisar"},"content":{"rendered":"<p>Tabla de cocina con original dise\u00f1o en forma de vaca, fabricada en suave bamb\u00fa, muy f\u00e1cil de limpiar y guardar.<\/p>","protected":false},"excerpt":{"rendered":"<p>Tabla de cocina con original dise\u00f1o en forma de vaca, fabricada en suave bamb\u00fa, muy f\u00e1cil de limpiar y guardar.<\/p>","protected":false},"featured_media":82686,"comment_status":"open","ping_status":"open","template":"","meta":{"inline_featured_image":false},"product_brand":[],"product_cat":[2157,104],"product_tag":[],"class_list":{"0":"post-51598","1":"product","2":"type-product","3":"status-publish","4":"has-post-thumbnail","6":"product_cat-novedades","7":"product_cat-hogar-y-decoracion","9":"first","10":"instock","11":"taxable","12":"shipping-taxable","13":"purchasable","14":"product-type-variable","15":"has-default-attributes"},"aioseo_notices":[],"_links":{"self":[{"href":"https:\/\/imprimeideas.es\/en\/wp-json\/wp\/v2\/product\/51598","targetHints":{"allow":["GET"]}}],"collection":[{"href":"https:\/\/imprimeideas.es\/en\/wp-json\/wp\/v2\/product"}],"about":[{"href":"https:\/\/imprimeideas.es\/en\/wp-json\/wp\/v2\/types\/product"}],"replies":[{"embeddable":true,"href":"https:\/\/imprimeideas.es\/en\/wp-json\/wp\/v2\/comments?post=51598"}],"version-history":[{"count":1,"href":"https:\/\/imprimeideas.es\/en\/wp-json\/wp\/v2\/product\/51598\/revisions"}],"predecessor-version":[{"id":58315,"href":"https:\/\/imprimeideas.es\/en\/wp-json\/wp\/v2\/product\/51598\/revisions\/58315"}],"wp:featuredmedia":[{"embeddable":true,"href":"https:\/\/imprimeideas.es\/en\/wp-json\/wp\/v2\/media\/82686"}],"wp:attachment":[{"href":"https:\/\/imprimeideas.es\/en\/wp-json\/wp\/v2\/media?parent=51598"}],"wp:term":[{"taxonomy":"product_brand","embeddable":true,"href":"https:\/\/imprimeideas.es\/en\/wp-json\/wp\/v2\/product_brand?post=51598"},{"taxonomy":"product_cat","embeddable":true,"href":"https:\/\/imprimeideas.es\/en\/wp-json\/wp\/v2\/product_cat?post=51598"},{"taxonomy":"product_tag","embeddable":true,"href":"https:\/\/imprimeideas.es\/en\/wp-json\/wp\/v2\/product_tag?post=51598"}],"curies":[{"name":"wp","href":"https:\/\/api.w.org\/{rel}","templated":true}]}}