{"id":51590,"date":"2026-02-24T12:44:05","date_gmt":"2026-02-24T11:44:05","guid":{"rendered":"https:\/\/imprimeideas.es\/?post_type=product&p=51590"},"modified":"2026-02-26T18:03:09","modified_gmt":"2026-02-26T17:03:09","slug":"adaptador-viaje-universal-skross-muv-micro","status":"publish","type":"product","link":"https:\/\/imprimeideas.es\/en\/product\/adaptador-viaje-universal-skross-muv-micro\/","title":{"rendered":"Adaptador Viaje Universal Skross MUV MICRO"},"content":{"rendered":"<p>Completo adaptador de viaje universal marca SKROSS de dise\u00f1o compacto y portable. Con m\u00faltiples salidas, especialmente indicado para viajes y con adaptadores multi regi\u00f3n para Europa, USA,  Jap\u00f3n, Australia  y China.<\/p>","protected":false},"excerpt":{"rendered":"<p>USA, Europa, Asia, Reino Unido, Australia<\/p>","protected":false},"featured_media":71435,"comment_status":"open","ping_status":"open","template":"","meta":{"inline_featured_image":false},"product_brand":[],"product_cat":[95,103],"product_tag":[],"class_list":{"0":"post-51590","1":"product","2":"type-product","3":"status-publish","4":"has-post-thumbnail","6":"product_cat-tecnologia-y-accesorios","7":"product_cat-viaje","9":"first","10":"outofstock","11":"taxable","12":"shipping-taxable","13":"purchasable","14":"product-type-variable","15":"has-default-attributes"},"aioseo_notices":[],"_links":{"self":[{"href":"https:\/\/imprimeideas.es\/en\/wp-json\/wp\/v2\/product\/51590","targetHints":{"allow":["GET"]}}],"collection":[{"href":"https:\/\/imprimeideas.es\/en\/wp-json\/wp\/v2\/product"}],"about":[{"href":"https:\/\/imprimeideas.es\/en\/wp-json\/wp\/v2\/types\/product"}],"replies":[{"embeddable":true,"href":"https:\/\/imprimeideas.es\/en\/wp-json\/wp\/v2\/comments?post=51590"}],"version-history":[{"count":1,"href":"https:\/\/imprimeideas.es\/en\/wp-json\/wp\/v2\/product\/51590\/revisions"}],"predecessor-version":[{"id":58384,"href":"https:\/\/imprimeideas.es\/en\/wp-json\/wp\/v2\/product\/51590\/revisions\/58384"}],"wp:featuredmedia":[{"embeddable":true,"href":"https:\/\/imprimeideas.es\/en\/wp-json\/wp\/v2\/media\/71435"}],"wp:attachment":[{"href":"https:\/\/imprimeideas.es\/en\/wp-json\/wp\/v2\/media?parent=51590"}],"wp:term":[{"taxonomy":"product_brand","embeddable":true,"href":"https:\/\/imprimeideas.es\/en\/wp-json\/wp\/v2\/product_brand?post=51590"},{"taxonomy":"product_cat","embeddable":true,"href":"https:\/\/imprimeideas.es\/en\/wp-json\/wp\/v2\/product_cat?post=51590"},{"taxonomy":"product_tag","embeddable":true,"href":"https:\/\/imprimeideas.es\/en\/wp-json\/wp\/v2\/product_tag?post=51590"}],"curies":[{"name":"wp","href":"https:\/\/api.w.org\/{rel}","templated":true}]}}