{"id":51588,"date":"2026-02-24T12:44:05","date_gmt":"2026-02-24T11:44:05","guid":{"rendered":"https:\/\/imprimeideas.es\/?post_type=product&p=51588"},"modified":"2026-02-26T18:03:03","modified_gmt":"2026-02-26T17:03:03","slug":"mochila-nazan","status":"publish","type":"product","link":"https:\/\/imprimeideas.es\/en\/product\/mochila-nazan\/","title":{"rendered":"Mochila Nazan"},"content":{"rendered":"<p>Mochila confeccionada en sueve y resistente poli\u00e9ster 190T\u00a0 reflectante . Con sistema de cierre enrollable y hebilla ajustable. Interior de gran capacidad con compartimento interior acolchado para port\u00e1til de hasta 15 pulgadas. Cintas de hombros reflectantes y espalda. Adem\u00e1s, cuenta con un bolsillo en el lateral trasero izquierdo con cierre de cremallera. Perfecta para viajes o para el d\u00eda a d\u00eda gracias a su gran visibilidad, se adapta a todo estilo de vida haciendo que ir en bicicleta o andando sea m\u00e1s seguro.<\/p>","protected":false},"excerpt":{"rendered":"<p>Reflectante. Bolsillo Acolchado para Port\u00e1til. Parte Trasera y Cintas Acolchadas<\/p>","protected":false},"featured_media":68934,"comment_status":"open","ping_status":"open","template":"","meta":{"inline_featured_image":false},"product_brand":[],"product_cat":[101,94],"product_tag":[],"class_list":{"0":"post-51588","1":"product","2":"type-product","3":"status-publish","4":"has-post-thumbnail","6":"product_cat-deporte-y-aventura","7":"product_cat-mochilas","9":"first","10":"outofstock","11":"taxable","12":"shipping-taxable","13":"purchasable","14":"product-type-variable","15":"has-default-attributes"},"aioseo_notices":[],"_links":{"self":[{"href":"https:\/\/imprimeideas.es\/en\/wp-json\/wp\/v2\/product\/51588","targetHints":{"allow":["GET"]}}],"collection":[{"href":"https:\/\/imprimeideas.es\/en\/wp-json\/wp\/v2\/product"}],"about":[{"href":"https:\/\/imprimeideas.es\/en\/wp-json\/wp\/v2\/types\/product"}],"replies":[{"embeddable":true,"href":"https:\/\/imprimeideas.es\/en\/wp-json\/wp\/v2\/comments?post=51588"}],"version-history":[{"count":1,"href":"https:\/\/imprimeideas.es\/en\/wp-json\/wp\/v2\/product\/51588\/revisions"}],"predecessor-version":[{"id":58269,"href":"https:\/\/imprimeideas.es\/en\/wp-json\/wp\/v2\/product\/51588\/revisions\/58269"}],"wp:featuredmedia":[{"embeddable":true,"href":"https:\/\/imprimeideas.es\/en\/wp-json\/wp\/v2\/media\/68934"}],"wp:attachment":[{"href":"https:\/\/imprimeideas.es\/en\/wp-json\/wp\/v2\/media?parent=51588"}],"wp:term":[{"taxonomy":"product_brand","embeddable":true,"href":"https:\/\/imprimeideas.es\/en\/wp-json\/wp\/v2\/product_brand?post=51588"},{"taxonomy":"product_cat","embeddable":true,"href":"https:\/\/imprimeideas.es\/en\/wp-json\/wp\/v2\/product_cat?post=51588"},{"taxonomy":"product_tag","embeddable":true,"href":"https:\/\/imprimeideas.es\/en\/wp-json\/wp\/v2\/product_tag?post=51588"}],"curies":[{"name":"wp","href":"https:\/\/api.w.org\/{rel}","templated":true}]}}