{"id":51581,"date":"2026-02-24T12:44:04","date_gmt":"2026-02-24T11:44:04","guid":{"rendered":"https:\/\/imprimeideas.es\/?post_type=product&p=51581"},"modified":"2026-02-26T18:03:07","modified_gmt":"2026-02-26T17:03:07","slug":"bidon-karon","status":"publish","type":"product","link":"https:\/\/imprimeideas.es\/en\/product\/bidon-karon\/","title":{"rendered":"Bid\u00f3n Karon"},"content":{"rendered":"<p>Bid\u00f3n de 730ml de capacidad, fabricado en resistente RPET y en acabado transl\u00facido mate con accesorio de silicona. Con tapa de sistema push, sistema de boquilla en pajita, cierre de seguridad y c\u00f3moda asa de transporte. Libre de BPA.<\/p>","protected":false},"excerpt":{"rendered":"<p>730 ml<\/p>","protected":false},"featured_media":74218,"comment_status":"open","ping_status":"open","template":"","meta":{"inline_featured_image":false},"product_brand":[],"product_cat":[2157,101,97],"product_tag":[],"class_list":{"0":"post-51581","1":"product","2":"type-product","3":"status-publish","4":"has-post-thumbnail","6":"product_cat-novedades","7":"product_cat-deporte-y-aventura","8":"product_cat-tazas-jarras-y-termos","10":"first","11":"instock","12":"taxable","13":"shipping-taxable","14":"purchasable","15":"product-type-variable","16":"has-default-attributes"},"aioseo_notices":[],"_links":{"self":[{"href":"https:\/\/imprimeideas.es\/en\/wp-json\/wp\/v2\/product\/51581","targetHints":{"allow":["GET"]}}],"collection":[{"href":"https:\/\/imprimeideas.es\/en\/wp-json\/wp\/v2\/product"}],"about":[{"href":"https:\/\/imprimeideas.es\/en\/wp-json\/wp\/v2\/types\/product"}],"replies":[{"embeddable":true,"href":"https:\/\/imprimeideas.es\/en\/wp-json\/wp\/v2\/comments?post=51581"}],"version-history":[{"count":1,"href":"https:\/\/imprimeideas.es\/en\/wp-json\/wp\/v2\/product\/51581\/revisions"}],"predecessor-version":[{"id":58411,"href":"https:\/\/imprimeideas.es\/en\/wp-json\/wp\/v2\/product\/51581\/revisions\/58411"}],"wp:featuredmedia":[{"embeddable":true,"href":"https:\/\/imprimeideas.es\/en\/wp-json\/wp\/v2\/media\/74218"}],"wp:attachment":[{"href":"https:\/\/imprimeideas.es\/en\/wp-json\/wp\/v2\/media?parent=51581"}],"wp:term":[{"taxonomy":"product_brand","embeddable":true,"href":"https:\/\/imprimeideas.es\/en\/wp-json\/wp\/v2\/product_brand?post=51581"},{"taxonomy":"product_cat","embeddable":true,"href":"https:\/\/imprimeideas.es\/en\/wp-json\/wp\/v2\/product_cat?post=51581"},{"taxonomy":"product_tag","embeddable":true,"href":"https:\/\/imprimeideas.es\/en\/wp-json\/wp\/v2\/product_tag?post=51581"}],"curies":[{"name":"wp","href":"https:\/\/api.w.org\/{rel}","templated":true}]}}