{"id":51569,"date":"2026-02-24T12:44:02","date_gmt":"2026-02-24T11:44:02","guid":{"rendered":"https:\/\/imprimeideas.es\/?post_type=product&p=51569"},"modified":"2026-02-26T18:03:08","modified_gmt":"2026-02-26T17:03:08","slug":"set-herramientas-kedarl","status":"publish","type":"product","link":"https:\/\/imprimeideas.es\/en\/product\/set-herramientas-kedarl\/","title":{"rendered":"Set Herramientas Kedarl"},"content":{"rendered":"<p>Set de herramientas fabricado en Aluminio Reciclado. Con funci\u00f3n 2 en 1; estuche con forma de linterna de 4LEDs, con interior de almacenamiento de 6 herramientas; mango multifunci\u00f3n para cabezales compatibles de estrella y planos. Incluye pr\u00e1ctico clip para llevarlo siempre contigo. Pilas a bot\u00f3n incluidas.<\/p>","protected":false},"excerpt":{"rendered":"<p>4 Ledes. 6 Acessorios. Pilas Bot\u00f3n Incluidas<\/p>","protected":false},"featured_media":78311,"comment_status":"open","ping_status":"open","template":"","meta":{"inline_featured_image":false},"product_brand":[],"product_cat":[2157,101,110],"product_tag":[],"class_list":{"0":"post-51569","1":"product","2":"type-product","3":"status-publish","4":"has-post-thumbnail","6":"product_cat-novedades","7":"product_cat-deporte-y-aventura","8":"product_cat-herramientas-brico-y-automovil","10":"first","11":"outofstock","12":"taxable","13":"shipping-taxable","14":"purchasable","15":"product-type-variable","16":"has-default-attributes"},"aioseo_notices":[],"_links":{"self":[{"href":"https:\/\/imprimeideas.es\/en\/wp-json\/wp\/v2\/product\/51569","targetHints":{"allow":["GET"]}}],"collection":[{"href":"https:\/\/imprimeideas.es\/en\/wp-json\/wp\/v2\/product"}],"about":[{"href":"https:\/\/imprimeideas.es\/en\/wp-json\/wp\/v2\/types\/product"}],"replies":[{"embeddable":true,"href":"https:\/\/imprimeideas.es\/en\/wp-json\/wp\/v2\/comments?post=51569"}],"version-history":[{"count":1,"href":"https:\/\/imprimeideas.es\/en\/wp-json\/wp\/v2\/product\/51569\/revisions"}],"predecessor-version":[{"id":58414,"href":"https:\/\/imprimeideas.es\/en\/wp-json\/wp\/v2\/product\/51569\/revisions\/58414"}],"wp:featuredmedia":[{"embeddable":true,"href":"https:\/\/imprimeideas.es\/en\/wp-json\/wp\/v2\/media\/78311"}],"wp:attachment":[{"href":"https:\/\/imprimeideas.es\/en\/wp-json\/wp\/v2\/media?parent=51569"}],"wp:term":[{"taxonomy":"product_brand","embeddable":true,"href":"https:\/\/imprimeideas.es\/en\/wp-json\/wp\/v2\/product_brand?post=51569"},{"taxonomy":"product_cat","embeddable":true,"href":"https:\/\/imprimeideas.es\/en\/wp-json\/wp\/v2\/product_cat?post=51569"},{"taxonomy":"product_tag","embeddable":true,"href":"https:\/\/imprimeideas.es\/en\/wp-json\/wp\/v2\/product_tag?post=51569"}],"curies":[{"name":"wp","href":"https:\/\/api.w.org\/{rel}","templated":true}]}}