{"id":51541,"date":"2026-02-24T12:43:58","date_gmt":"2026-02-24T11:43:58","guid":{"rendered":"https:\/\/imprimeideas.es\/?post_type=product&p=51541"},"modified":"2026-02-26T18:03:13","modified_gmt":"2026-02-26T17:03:13","slug":"calentador-tazas-cargador-wasoox","status":"publish","type":"product","link":"https:\/\/imprimeideas.es\/en\/product\/calentador-tazas-cargador-wasoox\/","title":{"rendered":"Calentador Tazas Cargador Wasoox"},"content":{"rendered":"<p>Calentador de tazas con cargador inal\u00e1mbrico integrado de carga r\u00e1pida 15W. Con taza de cer\u00e1mica de 370 ml, especialmente dise\u00f1ada para calentar y mantener la temperatura de la bebida, con tapa a juego. Incluye cable de carga Tipo USB.<\/p>","protected":false},"excerpt":{"rendered":"<p>370 ml. Inal\u00e1mbrico 15W. Conexi\u00f3n USB<\/p>","protected":false},"featured_media":71706,"comment_status":"open","ping_status":"open","template":"","meta":{"inline_featured_image":false},"product_brand":[],"product_cat":[96,97,95],"product_tag":[],"class_list":{"0":"post-51541","1":"product","2":"type-product","3":"status-publish","4":"has-post-thumbnail","6":"product_cat-oficina-y-negocios","7":"product_cat-tazas-jarras-y-termos","8":"product_cat-tecnologia-y-accesorios","10":"first","11":"outofstock","12":"taxable","13":"shipping-taxable","14":"purchasable","15":"product-type-variable","16":"has-default-attributes"},"aioseo_notices":[],"_links":{"self":[{"href":"https:\/\/imprimeideas.es\/en\/wp-json\/wp\/v2\/product\/51541","targetHints":{"allow":["GET"]}}],"collection":[{"href":"https:\/\/imprimeideas.es\/en\/wp-json\/wp\/v2\/product"}],"about":[{"href":"https:\/\/imprimeideas.es\/en\/wp-json\/wp\/v2\/types\/product"}],"replies":[{"embeddable":true,"href":"https:\/\/imprimeideas.es\/en\/wp-json\/wp\/v2\/comments?post=51541"}],"version-history":[{"count":1,"href":"https:\/\/imprimeideas.es\/en\/wp-json\/wp\/v2\/product\/51541\/revisions"}],"predecessor-version":[{"id":58469,"href":"https:\/\/imprimeideas.es\/en\/wp-json\/wp\/v2\/product\/51541\/revisions\/58469"}],"wp:featuredmedia":[{"embeddable":true,"href":"https:\/\/imprimeideas.es\/en\/wp-json\/wp\/v2\/media\/71706"}],"wp:attachment":[{"href":"https:\/\/imprimeideas.es\/en\/wp-json\/wp\/v2\/media?parent=51541"}],"wp:term":[{"taxonomy":"product_brand","embeddable":true,"href":"https:\/\/imprimeideas.es\/en\/wp-json\/wp\/v2\/product_brand?post=51541"},{"taxonomy":"product_cat","embeddable":true,"href":"https:\/\/imprimeideas.es\/en\/wp-json\/wp\/v2\/product_cat?post=51541"},{"taxonomy":"product_tag","embeddable":true,"href":"https:\/\/imprimeideas.es\/en\/wp-json\/wp\/v2\/product_tag?post=51541"}],"curies":[{"name":"wp","href":"https:\/\/api.w.org\/{rel}","templated":true}]}}