{"id":51532,"date":"2026-02-24T12:43:57","date_gmt":"2026-02-24T11:43:57","guid":{"rendered":"https:\/\/imprimeideas.es\/?post_type=product&p=51532"},"modified":"2026-02-26T18:03:07","modified_gmt":"2026-02-26T17:03:07","slug":"vela-aromatica-lenzox","status":"publish","type":"product","link":"https:\/\/imprimeideas.es\/en\/product\/vela-aromatica-lenzox\/","title":{"rendered":"Vela Arom\u00e1tica Lenzox"},"content":{"rendered":"<p>Vela arom\u00e1tica en tarrito de cristal con tres mechas. Disponible en cristal de variados colores y con distintos aromas seg\u00fan el color:Blanco aroma vainilla.Negro aroma s\u00e1ndalo.Rojo aroma canela.Azul marino aroma jazm\u00edn.<\/p>","protected":false},"excerpt":{"rendered":"<p>Cera Vegetal<\/p>","protected":false},"featured_media":70528,"comment_status":"open","ping_status":"open","template":"","meta":{"inline_featured_image":false},"product_brand":[],"product_cat":[2157,104],"product_tag":[],"class_list":{"0":"post-51532","1":"product","2":"type-product","3":"status-publish","4":"has-post-thumbnail","6":"product_cat-novedades","7":"product_cat-hogar-y-decoracion","9":"first","10":"instock","11":"taxable","12":"shipping-taxable","13":"purchasable","14":"product-type-variable","15":"has-default-attributes"},"aioseo_notices":[],"_links":{"self":[{"href":"https:\/\/imprimeideas.es\/en\/wp-json\/wp\/v2\/product\/51532","targetHints":{"allow":["GET"]}}],"collection":[{"href":"https:\/\/imprimeideas.es\/en\/wp-json\/wp\/v2\/product"}],"about":[{"href":"https:\/\/imprimeideas.es\/en\/wp-json\/wp\/v2\/types\/product"}],"replies":[{"embeddable":true,"href":"https:\/\/imprimeideas.es\/en\/wp-json\/wp\/v2\/comments?post=51532"}],"version-history":[{"count":1,"href":"https:\/\/imprimeideas.es\/en\/wp-json\/wp\/v2\/product\/51532\/revisions"}],"predecessor-version":[{"id":58330,"href":"https:\/\/imprimeideas.es\/en\/wp-json\/wp\/v2\/product\/51532\/revisions\/58330"}],"wp:featuredmedia":[{"embeddable":true,"href":"https:\/\/imprimeideas.es\/en\/wp-json\/wp\/v2\/media\/70528"}],"wp:attachment":[{"href":"https:\/\/imprimeideas.es\/en\/wp-json\/wp\/v2\/media?parent=51532"}],"wp:term":[{"taxonomy":"product_brand","embeddable":true,"href":"https:\/\/imprimeideas.es\/en\/wp-json\/wp\/v2\/product_brand?post=51532"},{"taxonomy":"product_cat","embeddable":true,"href":"https:\/\/imprimeideas.es\/en\/wp-json\/wp\/v2\/product_cat?post=51532"},{"taxonomy":"product_tag","embeddable":true,"href":"https:\/\/imprimeideas.es\/en\/wp-json\/wp\/v2\/product_tag?post=51532"}],"curies":[{"name":"wp","href":"https:\/\/api.w.org\/{rel}","templated":true}]}}