{"id":51528,"date":"2026-02-24T12:43:56","date_gmt":"2026-02-24T11:43:56","guid":{"rendered":"https:\/\/imprimeideas.es\/?post_type=product&p=51528"},"modified":"2026-02-26T18:03:03","modified_gmt":"2026-02-26T17:03:03","slug":"placa-taorex","status":"publish","type":"product","link":"https:\/\/imprimeideas.es\/en\/product\/placa-taorex\/","title":{"rendered":"Placa Taorex"},"content":{"rendered":"<p>Placa trofeo con dise\u00f1o de madera y en centro placa de cristal de dise\u00f1o octogonal. Ideal para regalos personalizados, reconocimientos, premios y decoraci\u00f3n.<\/p>","protected":false},"excerpt":{"rendered":"<p>Placa trofeo con dise\u00f1o de madera y en centro placa de cristal de dise\u00f1o octogonal. Ideal para regalos personalizados, reconocimientos,<\/p>","protected":false},"featured_media":73379,"comment_status":"open","ping_status":"open","template":"","meta":{"inline_featured_image":false},"product_brand":[],"product_cat":[2157,106],"product_tag":[],"class_list":{"0":"post-51528","1":"product","2":"type-product","3":"status-publish","4":"has-post-thumbnail","6":"product_cat-novedades","7":"product_cat-regalos-y-premiums","9":"first","10":"outofstock","11":"taxable","12":"shipping-taxable","13":"purchasable","14":"product-type-variable","15":"has-default-attributes"},"aioseo_notices":[],"_links":{"self":[{"href":"https:\/\/imprimeideas.es\/en\/wp-json\/wp\/v2\/product\/51528","targetHints":{"allow":["GET"]}}],"collection":[{"href":"https:\/\/imprimeideas.es\/en\/wp-json\/wp\/v2\/product"}],"about":[{"href":"https:\/\/imprimeideas.es\/en\/wp-json\/wp\/v2\/types\/product"}],"replies":[{"embeddable":true,"href":"https:\/\/imprimeideas.es\/en\/wp-json\/wp\/v2\/comments?post=51528"}],"version-history":[{"count":1,"href":"https:\/\/imprimeideas.es\/en\/wp-json\/wp\/v2\/product\/51528\/revisions"}],"predecessor-version":[{"id":58445,"href":"https:\/\/imprimeideas.es\/en\/wp-json\/wp\/v2\/product\/51528\/revisions\/58445"}],"wp:featuredmedia":[{"embeddable":true,"href":"https:\/\/imprimeideas.es\/en\/wp-json\/wp\/v2\/media\/73379"}],"wp:attachment":[{"href":"https:\/\/imprimeideas.es\/en\/wp-json\/wp\/v2\/media?parent=51528"}],"wp:term":[{"taxonomy":"product_brand","embeddable":true,"href":"https:\/\/imprimeideas.es\/en\/wp-json\/wp\/v2\/product_brand?post=51528"},{"taxonomy":"product_cat","embeddable":true,"href":"https:\/\/imprimeideas.es\/en\/wp-json\/wp\/v2\/product_cat?post=51528"},{"taxonomy":"product_tag","embeddable":true,"href":"https:\/\/imprimeideas.es\/en\/wp-json\/wp\/v2\/product_tag?post=51528"}],"curies":[{"name":"wp","href":"https:\/\/api.w.org\/{rel}","templated":true}]}}