{"id":51524,"date":"2026-02-24T12:43:56","date_gmt":"2026-02-24T11:43:56","guid":{"rendered":"https:\/\/imprimeideas.es\/?post_type=product&p=51524"},"modified":"2026-02-26T18:08:05","modified_gmt":"2026-02-26T17:08:05","slug":"placa-sublimacion-farnes","status":"publish","type":"product","link":"https:\/\/imprimeideas.es\/en\/product\/placa-sublimacion-farnes\/","title":{"rendered":"Placa Sublimaci\u00f3n Farnes"},"content":{"rendered":"<p>Placa conmemorativa con original dise\u00f1o fabricada en bamb\u00fa. Ideal para sublimaci\u00f3n. Incluye im\u00e1n en ambas partes. Ideal para regalos personalizados, reconocimientos,premios y decoraci\u00f3n.<\/p>","protected":false},"excerpt":{"rendered":"<p>Placa conmemorativa con original dise\u00f1o fabricada en bamb\u00fa. Ideal para sublimaci\u00f3n. Incluye im\u00e1n en ambas partes. Ideal para regalos personalizados,<\/p>","protected":false},"featured_media":71828,"comment_status":"open","ping_status":"open","template":"","meta":{"inline_featured_image":false},"product_brand":[],"product_cat":[2157,104,106,115],"product_tag":[],"class_list":{"0":"post-51524","1":"product","2":"type-product","3":"status-publish","4":"has-post-thumbnail","6":"product_cat-novedades","7":"product_cat-hogar-y-decoracion","8":"product_cat-regalos-y-premiums","9":"product_cat-sublimacion","11":"first","12":"outofstock","13":"taxable","14":"shipping-taxable","15":"purchasable","16":"product-type-variable","17":"has-default-attributes"},"aioseo_notices":[],"_links":{"self":[{"href":"https:\/\/imprimeideas.es\/en\/wp-json\/wp\/v2\/product\/51524","targetHints":{"allow":["GET"]}}],"collection":[{"href":"https:\/\/imprimeideas.es\/en\/wp-json\/wp\/v2\/product"}],"about":[{"href":"https:\/\/imprimeideas.es\/en\/wp-json\/wp\/v2\/types\/product"}],"replies":[{"embeddable":true,"href":"https:\/\/imprimeideas.es\/en\/wp-json\/wp\/v2\/comments?post=51524"}],"version-history":[{"count":1,"href":"https:\/\/imprimeideas.es\/en\/wp-json\/wp\/v2\/product\/51524\/revisions"}],"predecessor-version":[{"id":58375,"href":"https:\/\/imprimeideas.es\/en\/wp-json\/wp\/v2\/product\/51524\/revisions\/58375"}],"wp:featuredmedia":[{"embeddable":true,"href":"https:\/\/imprimeideas.es\/en\/wp-json\/wp\/v2\/media\/71828"}],"wp:attachment":[{"href":"https:\/\/imprimeideas.es\/en\/wp-json\/wp\/v2\/media?parent=51524"}],"wp:term":[{"taxonomy":"product_brand","embeddable":true,"href":"https:\/\/imprimeideas.es\/en\/wp-json\/wp\/v2\/product_brand?post=51524"},{"taxonomy":"product_cat","embeddable":true,"href":"https:\/\/imprimeideas.es\/en\/wp-json\/wp\/v2\/product_cat?post=51524"},{"taxonomy":"product_tag","embeddable":true,"href":"https:\/\/imprimeideas.es\/en\/wp-json\/wp\/v2\/product_tag?post=51524"}],"curies":[{"name":"wp","href":"https:\/\/api.w.org\/{rel}","templated":true}]}}