{"id":51522,"date":"2026-02-24T12:43:55","date_gmt":"2026-02-24T11:43:55","guid":{"rendered":"https:\/\/imprimeideas.es\/?post_type=product&p=51522"},"modified":"2026-02-26T18:03:11","modified_gmt":"2026-02-26T17:03:11","slug":"mochila-forin","status":"publish","type":"product","link":"https:\/\/imprimeideas.es\/en\/product\/mochila-forin\/","title":{"rendered":"Mochila Forin"},"content":{"rendered":"<p>Mochila multifunci\u00f3n extensible confeccionada en resistente PU.Cuenta con una excelente transpirabilidad en la zona trasera y en la cinta para los hombros, facilitando la disipaci\u00f3n del calor gracias a sus cintas y respaldo acolchados. Las cintas anchas est\u00e1n dise\u00f1adas para aliviar la presi\u00f3n en los hombros, permitiendo llevar la mochila c\u00f3modamente durante largos periodos.Perfecta para cualquier situaci\u00f3n por tener m\u00faltiples compartimentos:2 bolsillos frontales de diferentes tama\u00f1os.1 bolsillo trasero antirrobo para mayor seguridad.3 compartimentos grandes centrales con doble tirador, uno de ellos portatodo, un bolsillo central de gran capacidad para guardar ropa y\/o complementos con organizador en su interior, y otro perfecto para llevar port\u00e1til de hasta 17 pulgadas.Incluye cinta para fijarla en trolley y maletas. Ajuste de cierre en el pecho.Bolsillo en cinta izquierda para hombros, ideal para guardar llaves u objetos de peque\u00f1o tama\u00f1o. Adem\u00e1s, cuenta con un puerto de carga USB y con correa pectoral con hebilla para un ajuste seguro. Perfecta para viajes o para el d\u00eda a d\u00eda por sus cintas ajustables, adapt\u00e1ndose a todo estilo de vida.<\/p>","protected":false},"excerpt":{"rendered":"<p>Extensible. Conexi\u00f3n USB. Bolsillo Acolchado para Port\u00e1til. Parte Trasera y Cintas Acolchadas<\/p>","protected":false},"featured_media":77559,"comment_status":"open","ping_status":"open","template":"","meta":{"inline_featured_image":false},"product_brand":[],"product_cat":[94,103],"product_tag":[],"class_list":{"0":"post-51522","1":"product","2":"type-product","3":"status-publish","4":"has-post-thumbnail","6":"product_cat-mochilas","7":"product_cat-viaje","9":"first","10":"instock","11":"taxable","12":"shipping-taxable","13":"purchasable","14":"product-type-variable","15":"has-default-attributes"},"aioseo_notices":[],"_links":{"self":[{"href":"https:\/\/imprimeideas.es\/en\/wp-json\/wp\/v2\/product\/51522","targetHints":{"allow":["GET"]}}],"collection":[{"href":"https:\/\/imprimeideas.es\/en\/wp-json\/wp\/v2\/product"}],"about":[{"href":"https:\/\/imprimeideas.es\/en\/wp-json\/wp\/v2\/types\/product"}],"replies":[{"embeddable":true,"href":"https:\/\/imprimeideas.es\/en\/wp-json\/wp\/v2\/comments?post=51522"}],"version-history":[{"count":1,"href":"https:\/\/imprimeideas.es\/en\/wp-json\/wp\/v2\/product\/51522\/revisions"}],"predecessor-version":[{"id":58303,"href":"https:\/\/imprimeideas.es\/en\/wp-json\/wp\/v2\/product\/51522\/revisions\/58303"}],"wp:featuredmedia":[{"embeddable":true,"href":"https:\/\/imprimeideas.es\/en\/wp-json\/wp\/v2\/media\/77559"}],"wp:attachment":[{"href":"https:\/\/imprimeideas.es\/en\/wp-json\/wp\/v2\/media?parent=51522"}],"wp:term":[{"taxonomy":"product_brand","embeddable":true,"href":"https:\/\/imprimeideas.es\/en\/wp-json\/wp\/v2\/product_brand?post=51522"},{"taxonomy":"product_cat","embeddable":true,"href":"https:\/\/imprimeideas.es\/en\/wp-json\/wp\/v2\/product_cat?post=51522"},{"taxonomy":"product_tag","embeddable":true,"href":"https:\/\/imprimeideas.es\/en\/wp-json\/wp\/v2\/product_tag?post=51522"}],"curies":[{"name":"wp","href":"https:\/\/api.w.org\/{rel}","templated":true}]}}