{"id":51518,"date":"2026-02-24T12:43:55","date_gmt":"2026-02-24T11:43:55","guid":{"rendered":"https:\/\/imprimeideas.es\/?post_type=product&p=51518"},"modified":"2026-02-26T18:03:03","modified_gmt":"2026-02-26T17:03:03","slug":"placa-xiflex","status":"publish","type":"product","link":"https:\/\/imprimeideas.es\/en\/product\/placa-xiflex\/","title":{"rendered":"Placa Xiflex"},"content":{"rendered":"<p>Placa trofeo de grueso cristal con elegante dise\u00f1o circular con base en madera. Ideal para regalos personalizados, reconocimientos, premios y decoraci\u00f3n. Presentada en estuche de protecci\u00f3n individual en acabado Kraft.<\/p>","protected":false},"excerpt":{"rendered":"<p>Placa trofeo de grueso cristal con elegante dise\u00f1o circular con base en madera. Ideal para regalos personalizados, reconocimientos, premios y<\/p>","protected":false},"featured_media":75171,"comment_status":"open","ping_status":"open","template":"","meta":{"inline_featured_image":false},"product_brand":[],"product_cat":[106],"product_tag":[],"class_list":{"0":"post-51518","1":"product","2":"type-product","3":"status-publish","4":"has-post-thumbnail","6":"product_cat-regalos-y-premiums","8":"first","9":"instock","10":"taxable","11":"shipping-taxable","12":"purchasable","13":"product-type-variable","14":"has-default-attributes"},"aioseo_notices":[],"_links":{"self":[{"href":"https:\/\/imprimeideas.es\/en\/wp-json\/wp\/v2\/product\/51518","targetHints":{"allow":["GET"]}}],"collection":[{"href":"https:\/\/imprimeideas.es\/en\/wp-json\/wp\/v2\/product"}],"about":[{"href":"https:\/\/imprimeideas.es\/en\/wp-json\/wp\/v2\/types\/product"}],"replies":[{"embeddable":true,"href":"https:\/\/imprimeideas.es\/en\/wp-json\/wp\/v2\/comments?post=51518"}],"version-history":[{"count":1,"href":"https:\/\/imprimeideas.es\/en\/wp-json\/wp\/v2\/product\/51518\/revisions"}],"predecessor-version":[{"id":58443,"href":"https:\/\/imprimeideas.es\/en\/wp-json\/wp\/v2\/product\/51518\/revisions\/58443"}],"wp:featuredmedia":[{"embeddable":true,"href":"https:\/\/imprimeideas.es\/en\/wp-json\/wp\/v2\/media\/75171"}],"wp:attachment":[{"href":"https:\/\/imprimeideas.es\/en\/wp-json\/wp\/v2\/media?parent=51518"}],"wp:term":[{"taxonomy":"product_brand","embeddable":true,"href":"https:\/\/imprimeideas.es\/en\/wp-json\/wp\/v2\/product_brand?post=51518"},{"taxonomy":"product_cat","embeddable":true,"href":"https:\/\/imprimeideas.es\/en\/wp-json\/wp\/v2\/product_cat?post=51518"},{"taxonomy":"product_tag","embeddable":true,"href":"https:\/\/imprimeideas.es\/en\/wp-json\/wp\/v2\/product_tag?post=51518"}],"curies":[{"name":"wp","href":"https:\/\/api.w.org\/{rel}","templated":true}]}}