{"id":51512,"date":"2026-02-24T12:43:54","date_gmt":"2026-02-24T11:43:54","guid":{"rendered":"https:\/\/imprimeideas.es\/?post_type=product&p=51512"},"modified":"2026-02-26T18:08:04","modified_gmt":"2026-02-26T17:08:04","slug":"set-rymarek","status":"publish","type":"product","link":"https:\/\/imprimeideas.es\/en\/product\/set-rymarek\/","title":{"rendered":"Set Rymarek"},"content":{"rendered":"<p>Set de bloc de notas y bol\u00edgrafo, adem\u00e1s de un bid\u00f3n t\u00e9rmico fabricado en acero inox.El set incluye:- Bloc de notas de PU de tapas r\u00edgidas y suaves, con 80 p\u00e1ginas a rayas, banda el\u00e1stica y marcap\u00e1ginas a juego.- Bol\u00edgrafo de aluminio en acabado frosted y detalles en color metalizado gun, mecanismo pulsador y tinta azul.- Bid\u00f3n t\u00e9rmico fabricado en acero inox de 500ml. Con tap\u00f3n a rosca.<\/p>","protected":false},"excerpt":{"rendered":"<p>Bid\u00f3n T\u00e9rmico Acero Inox, 500 ml. Bloc PU, Portada R\u00edgida, 80 Hojas. Bol\u00edgrafo Aluminio, Carga Jumbo<\/p>","protected":false},"featured_media":78412,"comment_status":"open","ping_status":"open","template":"","meta":{"inline_featured_image":false},"product_brand":[],"product_cat":[2157,96,106],"product_tag":[],"class_list":{"0":"post-51512","1":"product","2":"type-product","3":"status-publish","4":"has-post-thumbnail","6":"product_cat-novedades","7":"product_cat-oficina-y-negocios","8":"product_cat-regalos-y-premiums","10":"first","11":"outofstock","12":"taxable","13":"shipping-taxable","14":"purchasable","15":"product-type-variable","16":"has-default-attributes"},"aioseo_notices":[],"_links":{"self":[{"href":"https:\/\/imprimeideas.es\/en\/wp-json\/wp\/v2\/product\/51512","targetHints":{"allow":["GET"]}}],"collection":[{"href":"https:\/\/imprimeideas.es\/en\/wp-json\/wp\/v2\/product"}],"about":[{"href":"https:\/\/imprimeideas.es\/en\/wp-json\/wp\/v2\/types\/product"}],"replies":[{"embeddable":true,"href":"https:\/\/imprimeideas.es\/en\/wp-json\/wp\/v2\/comments?post=51512"}],"version-history":[{"count":1,"href":"https:\/\/imprimeideas.es\/en\/wp-json\/wp\/v2\/product\/51512\/revisions"}],"predecessor-version":[{"id":58398,"href":"https:\/\/imprimeideas.es\/en\/wp-json\/wp\/v2\/product\/51512\/revisions\/58398"}],"wp:featuredmedia":[{"embeddable":true,"href":"https:\/\/imprimeideas.es\/en\/wp-json\/wp\/v2\/media\/78412"}],"wp:attachment":[{"href":"https:\/\/imprimeideas.es\/en\/wp-json\/wp\/v2\/media?parent=51512"}],"wp:term":[{"taxonomy":"product_brand","embeddable":true,"href":"https:\/\/imprimeideas.es\/en\/wp-json\/wp\/v2\/product_brand?post=51512"},{"taxonomy":"product_cat","embeddable":true,"href":"https:\/\/imprimeideas.es\/en\/wp-json\/wp\/v2\/product_cat?post=51512"},{"taxonomy":"product_tag","embeddable":true,"href":"https:\/\/imprimeideas.es\/en\/wp-json\/wp\/v2\/product_tag?post=51512"}],"curies":[{"name":"wp","href":"https:\/\/api.w.org\/{rel}","templated":true}]}}