{"id":51510,"date":"2026-02-24T12:43:54","date_gmt":"2026-02-24T11:43:54","guid":{"rendered":"https:\/\/imprimeideas.es\/?post_type=product&p=51510"},"modified":"2026-02-26T18:13:57","modified_gmt":"2026-02-26T17:13:57","slug":"proyector-taloxen","status":"publish","type":"product","link":"https:\/\/imprimeideas.es\/en\/product\/proyector-taloxen\/","title":{"rendered":"Proyector Taloxen"},"content":{"rendered":"<p>Proyector de dise\u00f1o con conectividad Bluetooth y WiFi que proporciona una fant\u00e1stica experiencia audiovisual. Fabricado en resistente ABS con acabado mate y detalles en silicona antideslizante, incorpora regulador de enfoque manual y \u00e1ngulo de rotaci\u00f3n de 180\u00ba para un \u00f3ptimo visionado. Soporta hasta 1080p, 2K y 4K mediante entrada HDMI, garantizando im\u00e1genes claras y definidas. Su potente altavoz integrado de 3W ofrece un sonido envolvente, ideal para reproducir v\u00eddeo, audio y fotograf\u00edas. En cuanto a conexiones, cuenta con: HDMI (hembra), USB A ,USB Tipo C y salida de audio jack 3,5 mm.<\/p>","protected":false},"excerpt":{"rendered":"<p>1080P. Wifi. Conexi\u00f3n Bluetooth. Potencia Sonido 3W. 5000 L\u00famenes. CA 200-240V<\/p>","protected":false},"featured_media":85602,"comment_status":"open","ping_status":"open","template":"","meta":{"inline_featured_image":false},"product_brand":[],"product_cat":[2157,96,95],"product_tag":[],"class_list":{"0":"post-51510","1":"product","2":"type-product","3":"status-publish","4":"has-post-thumbnail","6":"product_cat-novedades","7":"product_cat-oficina-y-negocios","8":"product_cat-tecnologia-y-accesorios","10":"first","11":"outofstock","12":"taxable","13":"shipping-taxable","14":"purchasable","15":"product-type-variable","16":"has-default-attributes"},"aioseo_notices":[],"_links":{"self":[{"href":"https:\/\/imprimeideas.es\/en\/wp-json\/wp\/v2\/product\/51510","targetHints":{"allow":["GET"]}}],"collection":[{"href":"https:\/\/imprimeideas.es\/en\/wp-json\/wp\/v2\/product"}],"about":[{"href":"https:\/\/imprimeideas.es\/en\/wp-json\/wp\/v2\/types\/product"}],"replies":[{"embeddable":true,"href":"https:\/\/imprimeideas.es\/en\/wp-json\/wp\/v2\/comments?post=51510"}],"version-history":[{"count":1,"href":"https:\/\/imprimeideas.es\/en\/wp-json\/wp\/v2\/product\/51510\/revisions"}],"predecessor-version":[{"id":58402,"href":"https:\/\/imprimeideas.es\/en\/wp-json\/wp\/v2\/product\/51510\/revisions\/58402"}],"wp:featuredmedia":[{"embeddable":true,"href":"https:\/\/imprimeideas.es\/en\/wp-json\/wp\/v2\/media\/85602"}],"wp:attachment":[{"href":"https:\/\/imprimeideas.es\/en\/wp-json\/wp\/v2\/media?parent=51510"}],"wp:term":[{"taxonomy":"product_brand","embeddable":true,"href":"https:\/\/imprimeideas.es\/en\/wp-json\/wp\/v2\/product_brand?post=51510"},{"taxonomy":"product_cat","embeddable":true,"href":"https:\/\/imprimeideas.es\/en\/wp-json\/wp\/v2\/product_cat?post=51510"},{"taxonomy":"product_tag","embeddable":true,"href":"https:\/\/imprimeideas.es\/en\/wp-json\/wp\/v2\/product_tag?post=51510"}],"curies":[{"name":"wp","href":"https:\/\/api.w.org\/{rel}","templated":true}]}}