{"id":51508,"date":"2026-02-24T12:43:53","date_gmt":"2026-02-24T11:43:53","guid":{"rendered":"https:\/\/imprimeideas.es\/?post_type=product&p=51508"},"modified":"2026-02-26T18:03:06","modified_gmt":"2026-02-26T17:03:06","slug":"barbacoa-magnol","status":"publish","type":"product","link":"https:\/\/imprimeideas.es\/en\/product\/barbacoa-magnol\/","title":{"rendered":"Barbacoa Magnol"},"content":{"rendered":"<p>Barbacoa plegable acero inoxidable en acabado mate. Se pliega en formato malet\u00edn para hacer m\u00e1s f\u00e1cil su transporte. Cuenta con una parrilla abatible haciendo m\u00e1s funcional su uso. Patas de sujeci\u00f3n antideslizantes plegables, otorg\u00e1ndole seguridad y estabilidad. Opci\u00f3n ideal para actividades al aire libre, eventos, comidas con amigos o familiares.<\/p>","protected":false},"excerpt":{"rendered":"<p>Plegable<\/p>","protected":false},"featured_media":80044,"comment_status":"open","ping_status":"open","template":"","meta":{"inline_featured_image":false},"product_brand":[],"product_cat":[101],"product_tag":[],"class_list":{"0":"post-51508","1":"product","2":"type-product","3":"status-publish","4":"has-post-thumbnail","6":"product_cat-deporte-y-aventura","8":"first","9":"outofstock","10":"taxable","11":"shipping-taxable","12":"purchasable","13":"product-type-variable","14":"has-default-attributes"},"aioseo_notices":[],"_links":{"self":[{"href":"https:\/\/imprimeideas.es\/en\/wp-json\/wp\/v2\/product\/51508","targetHints":{"allow":["GET"]}}],"collection":[{"href":"https:\/\/imprimeideas.es\/en\/wp-json\/wp\/v2\/product"}],"about":[{"href":"https:\/\/imprimeideas.es\/en\/wp-json\/wp\/v2\/types\/product"}],"replies":[{"embeddable":true,"href":"https:\/\/imprimeideas.es\/en\/wp-json\/wp\/v2\/comments?post=51508"}],"version-history":[{"count":1,"href":"https:\/\/imprimeideas.es\/en\/wp-json\/wp\/v2\/product\/51508\/revisions"}],"predecessor-version":[{"id":58480,"href":"https:\/\/imprimeideas.es\/en\/wp-json\/wp\/v2\/product\/51508\/revisions\/58480"}],"wp:featuredmedia":[{"embeddable":true,"href":"https:\/\/imprimeideas.es\/en\/wp-json\/wp\/v2\/media\/80044"}],"wp:attachment":[{"href":"https:\/\/imprimeideas.es\/en\/wp-json\/wp\/v2\/media?parent=51508"}],"wp:term":[{"taxonomy":"product_brand","embeddable":true,"href":"https:\/\/imprimeideas.es\/en\/wp-json\/wp\/v2\/product_brand?post=51508"},{"taxonomy":"product_cat","embeddable":true,"href":"https:\/\/imprimeideas.es\/en\/wp-json\/wp\/v2\/product_cat?post=51508"},{"taxonomy":"product_tag","embeddable":true,"href":"https:\/\/imprimeideas.es\/en\/wp-json\/wp\/v2\/product_tag?post=51508"}],"curies":[{"name":"wp","href":"https:\/\/api.w.org\/{rel}","templated":true}]}}