{"id":51500,"date":"2026-02-24T12:43:52","date_gmt":"2026-02-24T11:43:52","guid":{"rendered":"https:\/\/imprimeideas.es\/?post_type=product&p=51500"},"modified":"2026-02-26T18:33:07","modified_gmt":"2026-02-26T17:33:07","slug":"fiambrera-lilix","status":"publish","type":"product","link":"https:\/\/imprimeideas.es\/en\/product\/fiambrera-lilix\/","title":{"rendered":"Fiambrera Lilix"},"content":{"rendered":"<p>Fiambrera de 850 ml de capacidad en resistente PP Reciclado y tapadera herm\u00e9tica de bamb\u00fa. Incorpora cierres de seguridad laterales. Incluye distintivo PP Reciclado. El PP Recycled es un pl\u00e1stico reciclado y altamente reciclable, de gran resistencia y apto para multitud de aplicaciones. Con certificaci\u00f3n Food Grade, garantizando la seguridad cuando los alimentos entran en contacto con el material usado para fabricar el producto. No apta para lavavajillas ni microondas.<\/p>","protected":false},"excerpt":{"rendered":"<p>850 ml<\/p>","protected":false},"featured_media":84899,"comment_status":"open","ping_status":"open","template":"","meta":{"inline_featured_image":false},"product_brand":[],"product_cat":[98],"product_tag":[],"class_list":{"0":"post-51500","1":"product","2":"type-product","3":"status-publish","4":"has-post-thumbnail","6":"product_cat-take-away","8":"first","9":"instock","10":"taxable","11":"shipping-taxable","12":"purchasable","13":"product-type-variable","14":"has-default-attributes"},"aioseo_notices":[],"_links":{"self":[{"href":"https:\/\/imprimeideas.es\/en\/wp-json\/wp\/v2\/product\/51500","targetHints":{"allow":["GET"]}}],"collection":[{"href":"https:\/\/imprimeideas.es\/en\/wp-json\/wp\/v2\/product"}],"about":[{"href":"https:\/\/imprimeideas.es\/en\/wp-json\/wp\/v2\/types\/product"}],"replies":[{"embeddable":true,"href":"https:\/\/imprimeideas.es\/en\/wp-json\/wp\/v2\/comments?post=51500"}],"version-history":[{"count":1,"href":"https:\/\/imprimeideas.es\/en\/wp-json\/wp\/v2\/product\/51500\/revisions"}],"predecessor-version":[{"id":58239,"href":"https:\/\/imprimeideas.es\/en\/wp-json\/wp\/v2\/product\/51500\/revisions\/58239"}],"wp:featuredmedia":[{"embeddable":true,"href":"https:\/\/imprimeideas.es\/en\/wp-json\/wp\/v2\/media\/84899"}],"wp:attachment":[{"href":"https:\/\/imprimeideas.es\/en\/wp-json\/wp\/v2\/media?parent=51500"}],"wp:term":[{"taxonomy":"product_brand","embeddable":true,"href":"https:\/\/imprimeideas.es\/en\/wp-json\/wp\/v2\/product_brand?post=51500"},{"taxonomy":"product_cat","embeddable":true,"href":"https:\/\/imprimeideas.es\/en\/wp-json\/wp\/v2\/product_cat?post=51500"},{"taxonomy":"product_tag","embeddable":true,"href":"https:\/\/imprimeideas.es\/en\/wp-json\/wp\/v2\/product_tag?post=51500"}],"curies":[{"name":"wp","href":"https:\/\/api.w.org\/{rel}","templated":true}]}}