{"id":51488,"date":"2026-02-24T12:43:50","date_gmt":"2026-02-24T11:43:50","guid":{"rendered":"https:\/\/imprimeideas.es\/?post_type=product&p=51488"},"modified":"2026-02-26T18:28:04","modified_gmt":"2026-02-26T17:28:04","slug":"lanyard-soporte-thorne","status":"publish","type":"product","link":"https:\/\/imprimeideas.es\/en\/product\/lanyard-soporte-thorne\/","title":{"rendered":"Lanyard Soporte Thorne"},"content":{"rendered":"<p>Lanyard con accesorio para smartphone. Fabricado en resistente algod\u00f3n, con pieza de bamb\u00fa. Accesorio de transporte para situar entre la funda y el smartphone y mosquet\u00f3n giratorio met\u00e1lico. Ajustadores en cuello, con detalles cromados en los extremos de los cordones de ajuste. Materiales como el bamb\u00fa fomentan la utilizaci\u00f3n de materias primas naturales, reduciendo las emisiones contaminantes. Proviene de una planta de gran resistencia y versatilidad, con crecimiento y regeneraci\u00f3n r\u00e1pidos, siendo una excelente alternativa al uso de madera tradicional.<\/p>","protected":false},"excerpt":{"rendered":"<p>Lanyard con accesorio para smartphone. Fabricado en resistente algod\u00f3n, con pieza de bamb\u00fa. Accesorio de transporte para situar entre la<\/p>","protected":false},"featured_media":53855,"comment_status":"open","ping_status":"open","template":"","meta":{"inline_featured_image":false},"product_brand":[],"product_cat":[95],"product_tag":[],"class_list":{"0":"post-51488","1":"product","2":"type-product","3":"status-publish","4":"has-post-thumbnail","6":"product_cat-tecnologia-y-accesorios","8":"first","9":"instock","10":"taxable","11":"shipping-taxable","12":"purchasable","13":"product-type-variable","14":"has-default-attributes"},"aioseo_notices":[],"_links":{"self":[{"href":"https:\/\/imprimeideas.es\/en\/wp-json\/wp\/v2\/product\/51488","targetHints":{"allow":["GET"]}}],"collection":[{"href":"https:\/\/imprimeideas.es\/en\/wp-json\/wp\/v2\/product"}],"about":[{"href":"https:\/\/imprimeideas.es\/en\/wp-json\/wp\/v2\/types\/product"}],"replies":[{"embeddable":true,"href":"https:\/\/imprimeideas.es\/en\/wp-json\/wp\/v2\/comments?post=51488"}],"version-history":[{"count":1,"href":"https:\/\/imprimeideas.es\/en\/wp-json\/wp\/v2\/product\/51488\/revisions"}],"predecessor-version":[{"id":58237,"href":"https:\/\/imprimeideas.es\/en\/wp-json\/wp\/v2\/product\/51488\/revisions\/58237"}],"wp:featuredmedia":[{"embeddable":true,"href":"https:\/\/imprimeideas.es\/en\/wp-json\/wp\/v2\/media\/53855"}],"wp:attachment":[{"href":"https:\/\/imprimeideas.es\/en\/wp-json\/wp\/v2\/media?parent=51488"}],"wp:term":[{"taxonomy":"product_brand","embeddable":true,"href":"https:\/\/imprimeideas.es\/en\/wp-json\/wp\/v2\/product_brand?post=51488"},{"taxonomy":"product_cat","embeddable":true,"href":"https:\/\/imprimeideas.es\/en\/wp-json\/wp\/v2\/product_cat?post=51488"},{"taxonomy":"product_tag","embeddable":true,"href":"https:\/\/imprimeideas.es\/en\/wp-json\/wp\/v2\/product_tag?post=51488"}],"curies":[{"name":"wp","href":"https:\/\/api.w.org\/{rel}","templated":true}]}}