{"id":51486,"date":"2026-02-24T12:43:50","date_gmt":"2026-02-24T11:43:50","guid":{"rendered":"https:\/\/imprimeideas.es\/?post_type=product&p=51486"},"modified":"2026-02-26T18:08:26","modified_gmt":"2026-02-26T17:08:26","slug":"bolso-extensible-kandor","status":"publish","type":"product","link":"https:\/\/imprimeideas.es\/en\/product\/bolso-extensible-kandor\/","title":{"rendered":"Bolso Extensible Kandor"},"content":{"rendered":"<p>Bolso extensible confeccionado en suave PU, dise\u00f1ado para ofrecer una soluci\u00f3n pr\u00e1ctica y vers\u00e1til. Cuenta con bolsillo frontal para trolleys y maletas, aportando funcionalidad durante su transporte. Sistema de cierre mediante tiradores met\u00e1licos. Incluye asas de transporte y correa ajustable para el hombro.<\/p>","protected":false},"excerpt":{"rendered":"<p>Bolso extensible confeccionado en suave PU, dise\u00f1ado para ofrecer una soluci\u00f3n pr\u00e1ctica y vers\u00e1til. Cuenta con bolsillo frontal para trolleys<\/p>","protected":false},"featured_media":75566,"comment_status":"open","ping_status":"open","template":"","meta":{"inline_featured_image":false},"product_brand":[],"product_cat":[103],"product_tag":[],"class_list":{"0":"post-51486","1":"product","2":"type-product","3":"status-publish","4":"has-post-thumbnail","6":"product_cat-viaje","8":"first","9":"instock","10":"taxable","11":"shipping-taxable","12":"purchasable","13":"product-type-variable","14":"has-default-attributes"},"aioseo_notices":[],"_links":{"self":[{"href":"https:\/\/imprimeideas.es\/en\/wp-json\/wp\/v2\/product\/51486","targetHints":{"allow":["GET"]}}],"collection":[{"href":"https:\/\/imprimeideas.es\/en\/wp-json\/wp\/v2\/product"}],"about":[{"href":"https:\/\/imprimeideas.es\/en\/wp-json\/wp\/v2\/types\/product"}],"replies":[{"embeddable":true,"href":"https:\/\/imprimeideas.es\/en\/wp-json\/wp\/v2\/comments?post=51486"}],"version-history":[{"count":1,"href":"https:\/\/imprimeideas.es\/en\/wp-json\/wp\/v2\/product\/51486\/revisions"}],"predecessor-version":[{"id":58235,"href":"https:\/\/imprimeideas.es\/en\/wp-json\/wp\/v2\/product\/51486\/revisions\/58235"}],"wp:featuredmedia":[{"embeddable":true,"href":"https:\/\/imprimeideas.es\/en\/wp-json\/wp\/v2\/media\/75566"}],"wp:attachment":[{"href":"https:\/\/imprimeideas.es\/en\/wp-json\/wp\/v2\/media?parent=51486"}],"wp:term":[{"taxonomy":"product_brand","embeddable":true,"href":"https:\/\/imprimeideas.es\/en\/wp-json\/wp\/v2\/product_brand?post=51486"},{"taxonomy":"product_cat","embeddable":true,"href":"https:\/\/imprimeideas.es\/en\/wp-json\/wp\/v2\/product_cat?post=51486"},{"taxonomy":"product_tag","embeddable":true,"href":"https:\/\/imprimeideas.es\/en\/wp-json\/wp\/v2\/product_tag?post=51486"}],"curies":[{"name":"wp","href":"https:\/\/api.w.org\/{rel}","templated":true}]}}