{"id":51461,"date":"2026-02-24T12:43:47","date_gmt":"2026-02-24T11:43:47","guid":{"rendered":"https:\/\/imprimeideas.es\/?post_type=product&p=51461"},"modified":"2026-02-26T18:13:46","modified_gmt":"2026-02-26T17:13:46","slug":"jarra-termica-huver","status":"publish","type":"product","link":"https:\/\/imprimeideas.es\/en\/product\/jarra-termica-huver\/","title":{"rendered":"Jarra T\u00e9rmica Huver"},"content":{"rendered":"<p>Jarra t\u00e9rmica de 870 ml de capacidad. Fabricada en Acero Inoxidable Reciclado con doble pared que garantiza una mejor y m\u00e1s duradera conservaci\u00f3n de la temperatura, tanto para bebidas fr\u00edas como calientes. Equipada con tapadera herm\u00e9tica que incorpora una boquilla plegable para beber. Asa de transporte ergon\u00f3mica para mayor comodidad. Libre de BPA. Incluye distintivo de Acero Inox Reciclado. El acero es uno de los materiales m\u00e1s demandados y que puede encontrarse casi en todas partes, desde productos de uso diario a grandes construcciones. Con innumerables propiedades, entre las que cabe destacar la durabilidad y su alto grado de reutilizaci\u00f3n, convirti\u00e9ndolo en una alternativa muy valorada en soluciones de sostenibilidad. Debidamente tratado, permite obtener nuevos recursos de infinita utilizaci\u00f3n.<\/p>","protected":false},"excerpt":{"rendered":"<p>870 ml<\/p>","protected":false},"featured_media":81631,"comment_status":"open","ping_status":"open","template":"","meta":{"inline_featured_image":false},"product_brand":[],"product_cat":[97],"product_tag":[],"class_list":{"0":"post-51461","1":"product","2":"type-product","3":"status-publish","4":"has-post-thumbnail","6":"product_cat-tazas-jarras-y-termos","8":"first","9":"instock","10":"taxable","11":"shipping-taxable","12":"purchasable","13":"product-type-variable","14":"has-default-attributes"},"aioseo_notices":[],"_links":{"self":[{"href":"https:\/\/imprimeideas.es\/en\/wp-json\/wp\/v2\/product\/51461","targetHints":{"allow":["GET"]}}],"collection":[{"href":"https:\/\/imprimeideas.es\/en\/wp-json\/wp\/v2\/product"}],"about":[{"href":"https:\/\/imprimeideas.es\/en\/wp-json\/wp\/v2\/types\/product"}],"replies":[{"embeddable":true,"href":"https:\/\/imprimeideas.es\/en\/wp-json\/wp\/v2\/comments?post=51461"}],"version-history":[{"count":1,"href":"https:\/\/imprimeideas.es\/en\/wp-json\/wp\/v2\/product\/51461\/revisions"}],"predecessor-version":[{"id":58230,"href":"https:\/\/imprimeideas.es\/en\/wp-json\/wp\/v2\/product\/51461\/revisions\/58230"}],"wp:featuredmedia":[{"embeddable":true,"href":"https:\/\/imprimeideas.es\/en\/wp-json\/wp\/v2\/media\/81631"}],"wp:attachment":[{"href":"https:\/\/imprimeideas.es\/en\/wp-json\/wp\/v2\/media?parent=51461"}],"wp:term":[{"taxonomy":"product_brand","embeddable":true,"href":"https:\/\/imprimeideas.es\/en\/wp-json\/wp\/v2\/product_brand?post=51461"},{"taxonomy":"product_cat","embeddable":true,"href":"https:\/\/imprimeideas.es\/en\/wp-json\/wp\/v2\/product_cat?post=51461"},{"taxonomy":"product_tag","embeddable":true,"href":"https:\/\/imprimeideas.es\/en\/wp-json\/wp\/v2\/product_tag?post=51461"}],"curies":[{"name":"wp","href":"https:\/\/api.w.org\/{rel}","templated":true}]}}