{"id":51443,"date":"2026-02-24T12:43:44","date_gmt":"2026-02-24T11:43:44","guid":{"rendered":"https:\/\/imprimeideas.es\/?post_type=product&p=51443"},"modified":"2026-02-26T18:37:30","modified_gmt":"2026-02-26T17:37:30","slug":"tarjeta-rfid-fatton","status":"publish","type":"product","link":"https:\/\/imprimeideas.es\/en\/product\/tarjeta-rfid-fatton\/","title":{"rendered":"Tarjeta RFID Fatton"},"content":{"rendered":"<p>Tarjeta con sistema de protecci\u00f3n RFID, dise\u00f1ada para bloquear accesos no autorizados a tarjetas contactless. Funciona mediante un campo electromagn\u00e9tico que interfiere con las se\u00f1ales de lectura, protegiendo las tarjetas ( bancarias, de cr\u00e9dito, transporte p\u00fablico, etc.) ubicadas en un radio de entre 2 y 3 cm alrededor de la tarjeta.<\/p>","protected":false},"excerpt":{"rendered":"<p>Tarjeta con sistema de protecci\u00f3n RFID, dise\u00f1ada para bloquear accesos no autorizados a tarjetas contactless. Funciona mediante un campo electromagn\u00e9tico<\/p>","protected":false},"featured_media":76207,"comment_status":"open","ping_status":"open","template":"","meta":{"inline_featured_image":false},"product_brand":[],"product_cat":[95,103],"product_tag":[],"class_list":{"0":"post-51443","1":"product","2":"type-product","3":"status-publish","4":"has-post-thumbnail","6":"product_cat-tecnologia-y-accesorios","7":"product_cat-viaje","9":"first","10":"instock","11":"taxable","12":"shipping-taxable","13":"purchasable","14":"product-type-variable","15":"has-default-attributes"},"aioseo_notices":[],"_links":{"self":[{"href":"https:\/\/imprimeideas.es\/en\/wp-json\/wp\/v2\/product\/51443","targetHints":{"allow":["GET"]}}],"collection":[{"href":"https:\/\/imprimeideas.es\/en\/wp-json\/wp\/v2\/product"}],"about":[{"href":"https:\/\/imprimeideas.es\/en\/wp-json\/wp\/v2\/types\/product"}],"replies":[{"embeddable":true,"href":"https:\/\/imprimeideas.es\/en\/wp-json\/wp\/v2\/comments?post=51443"}],"version-history":[{"count":1,"href":"https:\/\/imprimeideas.es\/en\/wp-json\/wp\/v2\/product\/51443\/revisions"}],"predecessor-version":[{"id":58225,"href":"https:\/\/imprimeideas.es\/en\/wp-json\/wp\/v2\/product\/51443\/revisions\/58225"}],"wp:featuredmedia":[{"embeddable":true,"href":"https:\/\/imprimeideas.es\/en\/wp-json\/wp\/v2\/media\/76207"}],"wp:attachment":[{"href":"https:\/\/imprimeideas.es\/en\/wp-json\/wp\/v2\/media?parent=51443"}],"wp:term":[{"taxonomy":"product_brand","embeddable":true,"href":"https:\/\/imprimeideas.es\/en\/wp-json\/wp\/v2\/product_brand?post=51443"},{"taxonomy":"product_cat","embeddable":true,"href":"https:\/\/imprimeideas.es\/en\/wp-json\/wp\/v2\/product_cat?post=51443"},{"taxonomy":"product_tag","embeddable":true,"href":"https:\/\/imprimeideas.es\/en\/wp-json\/wp\/v2\/product_tag?post=51443"}],"curies":[{"name":"wp","href":"https:\/\/api.w.org\/{rel}","templated":true}]}}