{"id":51436,"date":"2026-02-24T12:43:43","date_gmt":"2026-02-24T11:43:43","guid":{"rendered":"https:\/\/imprimeideas.es\/?post_type=product&p=51436"},"modified":"2026-02-26T18:37:33","modified_gmt":"2026-02-26T17:37:33","slug":"clip-rasty","status":"publish","type":"product","link":"https:\/\/imprimeideas.es\/en\/product\/clip-rasty\/","title":{"rendered":"Clip Rasty"},"content":{"rendered":"<p>Clip de dise\u00f1o navide\u00f1o. Con clip met\u00e1lico ideal para sujetar notas, fotos, tarjetas o a\u00f1adir un detalle y  base en madera natural.<\/p>","protected":false},"excerpt":{"rendered":"<p>Clip de dise\u00f1o navide\u00f1o. Con clip met\u00e1lico ideal para sujetar notas, fotos, tarjetas o a\u00f1adir un detalle y base en<\/p>","protected":false},"featured_media":71802,"comment_status":"open","ping_status":"open","template":"","meta":{"inline_featured_image":false},"product_brand":[],"product_cat":[127,106],"product_tag":[],"class_list":{"0":"post-51436","1":"product","2":"type-product","3":"status-publish","4":"has-post-thumbnail","6":"product_cat-navidad","7":"product_cat-regalos-y-premiums","9":"first","10":"instock","11":"taxable","12":"shipping-taxable","13":"purchasable","14":"product-type-variable","15":"has-default-attributes"},"aioseo_notices":[],"_links":{"self":[{"href":"https:\/\/imprimeideas.es\/en\/wp-json\/wp\/v2\/product\/51436","targetHints":{"allow":["GET"]}}],"collection":[{"href":"https:\/\/imprimeideas.es\/en\/wp-json\/wp\/v2\/product"}],"about":[{"href":"https:\/\/imprimeideas.es\/en\/wp-json\/wp\/v2\/types\/product"}],"replies":[{"embeddable":true,"href":"https:\/\/imprimeideas.es\/en\/wp-json\/wp\/v2\/comments?post=51436"}],"version-history":[{"count":1,"href":"https:\/\/imprimeideas.es\/en\/wp-json\/wp\/v2\/product\/51436\/revisions"}],"predecessor-version":[{"id":58220,"href":"https:\/\/imprimeideas.es\/en\/wp-json\/wp\/v2\/product\/51436\/revisions\/58220"}],"wp:featuredmedia":[{"embeddable":true,"href":"https:\/\/imprimeideas.es\/en\/wp-json\/wp\/v2\/media\/71802"}],"wp:attachment":[{"href":"https:\/\/imprimeideas.es\/en\/wp-json\/wp\/v2\/media?parent=51436"}],"wp:term":[{"taxonomy":"product_brand","embeddable":true,"href":"https:\/\/imprimeideas.es\/en\/wp-json\/wp\/v2\/product_brand?post=51436"},{"taxonomy":"product_cat","embeddable":true,"href":"https:\/\/imprimeideas.es\/en\/wp-json\/wp\/v2\/product_cat?post=51436"},{"taxonomy":"product_tag","embeddable":true,"href":"https:\/\/imprimeideas.es\/en\/wp-json\/wp\/v2\/product_tag?post=51436"}],"curies":[{"name":"wp","href":"https:\/\/api.w.org\/{rel}","templated":true}]}}