{"id":51405,"date":"2026-02-24T12:43:39","date_gmt":"2026-02-24T11:43:39","guid":{"rendered":"https:\/\/imprimeideas.es\/?post_type=product&p=51405"},"modified":"2026-02-26T18:13:38","modified_gmt":"2026-02-26T17:13:38","slug":"infusor-garox","status":"publish","type":"product","link":"https:\/\/imprimeideas.es\/en\/product\/infusor-garox\/","title":{"rendered":"Infusor Garox"},"content":{"rendered":"<p>Infusor de t\u00e9 con dise\u00f1o navide\u00f1o. Fabricado en silicona y acero inoxidable. Incluye base de silicona, ideal para apoyar el infusor tras su uso, evitando goteos y manteniendo limpia la superficie.<\/p>","protected":false},"excerpt":{"rendered":"<p>Infusor de t\u00e9 con dise\u00f1o navide\u00f1o. Fabricado en silicona y acero inoxidable. Incluye base de silicona, ideal para apoyar el<\/p>","protected":false},"featured_media":76918,"comment_status":"open","ping_status":"open","template":"","meta":{"inline_featured_image":false},"product_brand":[],"product_cat":[104,127],"product_tag":[],"class_list":{"0":"post-51405","1":"product","2":"type-product","3":"status-publish","4":"has-post-thumbnail","6":"product_cat-hogar-y-decoracion","7":"product_cat-navidad","9":"first","10":"instock","11":"taxable","12":"shipping-taxable","13":"purchasable","14":"product-type-variable","15":"has-default-attributes"},"aioseo_notices":[],"_links":{"self":[{"href":"https:\/\/imprimeideas.es\/en\/wp-json\/wp\/v2\/product\/51405","targetHints":{"allow":["GET"]}}],"collection":[{"href":"https:\/\/imprimeideas.es\/en\/wp-json\/wp\/v2\/product"}],"about":[{"href":"https:\/\/imprimeideas.es\/en\/wp-json\/wp\/v2\/types\/product"}],"replies":[{"embeddable":true,"href":"https:\/\/imprimeideas.es\/en\/wp-json\/wp\/v2\/comments?post=51405"}],"version-history":[{"count":1,"href":"https:\/\/imprimeideas.es\/en\/wp-json\/wp\/v2\/product\/51405\/revisions"}],"predecessor-version":[{"id":58192,"href":"https:\/\/imprimeideas.es\/en\/wp-json\/wp\/v2\/product\/51405\/revisions\/58192"}],"wp:featuredmedia":[{"embeddable":true,"href":"https:\/\/imprimeideas.es\/en\/wp-json\/wp\/v2\/media\/76918"}],"wp:attachment":[{"href":"https:\/\/imprimeideas.es\/en\/wp-json\/wp\/v2\/media?parent=51405"}],"wp:term":[{"taxonomy":"product_brand","embeddable":true,"href":"https:\/\/imprimeideas.es\/en\/wp-json\/wp\/v2\/product_brand?post=51405"},{"taxonomy":"product_cat","embeddable":true,"href":"https:\/\/imprimeideas.es\/en\/wp-json\/wp\/v2\/product_cat?post=51405"},{"taxonomy":"product_tag","embeddable":true,"href":"https:\/\/imprimeideas.es\/en\/wp-json\/wp\/v2\/product_tag?post=51405"}],"curies":[{"name":"wp","href":"https:\/\/api.w.org\/{rel}","templated":true}]}}