{"id":51400,"date":"2026-02-24T12:43:38","date_gmt":"2026-02-24T11:43:38","guid":{"rendered":"https:\/\/imprimeideas.es\/?post_type=product&p=51400"},"modified":"2026-02-26T18:42:28","modified_gmt":"2026-02-26T17:42:28","slug":"set-hibbert","status":"publish","type":"product","link":"https:\/\/imprimeideas.es\/en\/product\/set-hibbert\/","title":{"rendered":"Set Hibbert"},"content":{"rendered":"<p>Set de 3 piezas: gorro, bufanda y guantes t\u00e1ctiles, ideales para ofrecer confort y funcionalidad en d\u00edas fr\u00edos. Cada pieza incorpora una etiqueta cosida en PU marr\u00f3n, ideal para marcaje. Presentado en elegante caja negra.<\/p>","protected":false},"excerpt":{"rendered":"<p>Bufanda, Gorro y Guante T\u00e1ctil. Talla \u00danica. Adulto<\/p>","protected":false},"featured_media":74754,"comment_status":"open","ping_status":"open","template":"","meta":{"inline_featured_image":false},"product_brand":[],"product_cat":[118,106],"product_tag":[],"class_list":{"0":"post-51400","1":"product","2":"type-product","3":"status-publish","4":"has-post-thumbnail","6":"product_cat-lluvia-y-frio","7":"product_cat-regalos-y-premiums","9":"first","10":"instock","11":"taxable","12":"shipping-taxable","13":"purchasable","14":"product-type-variable","15":"has-default-attributes"},"aioseo_notices":[],"_links":{"self":[{"href":"https:\/\/imprimeideas.es\/en\/wp-json\/wp\/v2\/product\/51400","targetHints":{"allow":["GET"]}}],"collection":[{"href":"https:\/\/imprimeideas.es\/en\/wp-json\/wp\/v2\/product"}],"about":[{"href":"https:\/\/imprimeideas.es\/en\/wp-json\/wp\/v2\/types\/product"}],"replies":[{"embeddable":true,"href":"https:\/\/imprimeideas.es\/en\/wp-json\/wp\/v2\/comments?post=51400"}],"version-history":[{"count":1,"href":"https:\/\/imprimeideas.es\/en\/wp-json\/wp\/v2\/product\/51400\/revisions"}],"predecessor-version":[{"id":58229,"href":"https:\/\/imprimeideas.es\/en\/wp-json\/wp\/v2\/product\/51400\/revisions\/58229"}],"wp:featuredmedia":[{"embeddable":true,"href":"https:\/\/imprimeideas.es\/en\/wp-json\/wp\/v2\/media\/74754"}],"wp:attachment":[{"href":"https:\/\/imprimeideas.es\/en\/wp-json\/wp\/v2\/media?parent=51400"}],"wp:term":[{"taxonomy":"product_brand","embeddable":true,"href":"https:\/\/imprimeideas.es\/en\/wp-json\/wp\/v2\/product_brand?post=51400"},{"taxonomy":"product_cat","embeddable":true,"href":"https:\/\/imprimeideas.es\/en\/wp-json\/wp\/v2\/product_cat?post=51400"},{"taxonomy":"product_tag","embeddable":true,"href":"https:\/\/imprimeideas.es\/en\/wp-json\/wp\/v2\/product_tag?post=51400"}],"curies":[{"name":"wp","href":"https:\/\/api.w.org\/{rel}","templated":true}]}}