{"id":51390,"date":"2026-02-24T12:43:36","date_gmt":"2026-02-24T11:43:36","guid":{"rendered":"https:\/\/imprimeideas.es\/?post_type=product&p=51390"},"modified":"2026-02-26T18:19:10","modified_gmt":"2026-02-26T17:19:10","slug":"lampara-lianzhi","status":"publish","type":"product","link":"https:\/\/imprimeideas.es\/en\/product\/lampara-lianzhi\/","title":{"rendered":"L\u00e1mpara Lianzhi"},"content":{"rendered":"<p>L\u00e1mpara de dise\u00f1o ergon\u00f3mico, fabricada en resistente ABS con cuerpo flexible para dirigir la luz seg\u00fan tus necesidades. Equipada con 4 LEDs. Cuenta con bot\u00f3n de encendido\/apagado y alimentada con 2 pilas AAA (no incluidas). Ideal para lectura nocturna, trabajos de precisi\u00f3n, reparaciones y actividades donde se requiera luz focalizada y manos libres.<\/p>","protected":false},"excerpt":{"rendered":"<p>4 Ledes. Flexible. 2 Pilas AAA No Incluidas<\/p>","protected":false},"featured_media":53842,"comment_status":"open","ping_status":"open","template":"","meta":{"inline_featured_image":false},"product_brand":[],"product_cat":[95],"product_tag":[],"class_list":{"0":"post-51390","1":"product","2":"type-product","3":"status-publish","4":"has-post-thumbnail","6":"product_cat-tecnologia-y-accesorios","8":"first","9":"instock","10":"taxable","11":"shipping-taxable","12":"purchasable","13":"product-type-variable","14":"has-default-attributes"},"aioseo_notices":[],"_links":{"self":[{"href":"https:\/\/imprimeideas.es\/en\/wp-json\/wp\/v2\/product\/51390","targetHints":{"allow":["GET"]}}],"collection":[{"href":"https:\/\/imprimeideas.es\/en\/wp-json\/wp\/v2\/product"}],"about":[{"href":"https:\/\/imprimeideas.es\/en\/wp-json\/wp\/v2\/types\/product"}],"replies":[{"embeddable":true,"href":"https:\/\/imprimeideas.es\/en\/wp-json\/wp\/v2\/comments?post=51390"}],"version-history":[{"count":1,"href":"https:\/\/imprimeideas.es\/en\/wp-json\/wp\/v2\/product\/51390\/revisions"}],"predecessor-version":[{"id":58198,"href":"https:\/\/imprimeideas.es\/en\/wp-json\/wp\/v2\/product\/51390\/revisions\/58198"}],"wp:featuredmedia":[{"embeddable":true,"href":"https:\/\/imprimeideas.es\/en\/wp-json\/wp\/v2\/media\/53842"}],"wp:attachment":[{"href":"https:\/\/imprimeideas.es\/en\/wp-json\/wp\/v2\/media?parent=51390"}],"wp:term":[{"taxonomy":"product_brand","embeddable":true,"href":"https:\/\/imprimeideas.es\/en\/wp-json\/wp\/v2\/product_brand?post=51390"},{"taxonomy":"product_cat","embeddable":true,"href":"https:\/\/imprimeideas.es\/en\/wp-json\/wp\/v2\/product_cat?post=51390"},{"taxonomy":"product_tag","embeddable":true,"href":"https:\/\/imprimeideas.es\/en\/wp-json\/wp\/v2\/product_tag?post=51390"}],"curies":[{"name":"wp","href":"https:\/\/api.w.org\/{rel}","templated":true}]}}