{"id":51385,"date":"2026-02-24T12:43:36","date_gmt":"2026-02-24T11:43:36","guid":{"rendered":"https:\/\/imprimeideas.es\/?post_type=product&p=51385"},"modified":"2026-02-26T18:42:31","modified_gmt":"2026-02-26T17:42:31","slug":"juego-de-agua-mikix","status":"publish","type":"product","link":"https:\/\/imprimeideas.es\/en\/product\/juego-de-agua-mikix\/","title":{"rendered":"Juego de Agua Mikix"},"content":{"rendered":"<p>Divertida consola de agua con dise\u00f1o navide\u00f1o, fabricada en resistente PS y bot\u00f3n de TPE en color rojo a juego. En su interior, contiene aros de ABS en formas de coraz\u00f3n, tri\u00e1ngulo, cuadrado y flor, en alegres colores morado, rosa, azul claro y amarillo. Un cl\u00e1sico pasatiempo, ideal para ejercitar la destreza y la coordinaci\u00f3n.<\/p>","protected":false},"excerpt":{"rendered":"<p>Divertida consola de agua con dise\u00f1o navide\u00f1o, fabricada en resistente PS y bot\u00f3n de TPE en color rojo a juego.<\/p>","protected":false},"featured_media":78650,"comment_status":"open","ping_status":"open","template":"","meta":{"inline_featured_image":false},"product_brand":[],"product_cat":[108,127],"product_tag":[],"class_list":{"0":"post-51385","1":"product","2":"type-product","3":"status-publish","4":"has-post-thumbnail","6":"product_cat-infantil","7":"product_cat-navidad","9":"first","10":"outofstock","11":"taxable","12":"shipping-taxable","13":"purchasable","14":"product-type-variable","15":"has-default-attributes"},"aioseo_notices":[],"_links":{"self":[{"href":"https:\/\/imprimeideas.es\/en\/wp-json\/wp\/v2\/product\/51385","targetHints":{"allow":["GET"]}}],"collection":[{"href":"https:\/\/imprimeideas.es\/en\/wp-json\/wp\/v2\/product"}],"about":[{"href":"https:\/\/imprimeideas.es\/en\/wp-json\/wp\/v2\/types\/product"}],"replies":[{"embeddable":true,"href":"https:\/\/imprimeideas.es\/en\/wp-json\/wp\/v2\/comments?post=51385"}],"version-history":[{"count":1,"href":"https:\/\/imprimeideas.es\/en\/wp-json\/wp\/v2\/product\/51385\/revisions"}],"predecessor-version":[{"id":58191,"href":"https:\/\/imprimeideas.es\/en\/wp-json\/wp\/v2\/product\/51385\/revisions\/58191"}],"wp:featuredmedia":[{"embeddable":true,"href":"https:\/\/imprimeideas.es\/en\/wp-json\/wp\/v2\/media\/78650"}],"wp:attachment":[{"href":"https:\/\/imprimeideas.es\/en\/wp-json\/wp\/v2\/media?parent=51385"}],"wp:term":[{"taxonomy":"product_brand","embeddable":true,"href":"https:\/\/imprimeideas.es\/en\/wp-json\/wp\/v2\/product_brand?post=51385"},{"taxonomy":"product_cat","embeddable":true,"href":"https:\/\/imprimeideas.es\/en\/wp-json\/wp\/v2\/product_cat?post=51385"},{"taxonomy":"product_tag","embeddable":true,"href":"https:\/\/imprimeideas.es\/en\/wp-json\/wp\/v2\/product_tag?post=51385"}],"curies":[{"name":"wp","href":"https:\/\/api.w.org\/{rel}","templated":true}]}}