{"id":51383,"date":"2026-02-24T12:43:35","date_gmt":"2026-02-24T11:43:35","guid":{"rendered":"https:\/\/imprimeideas.es\/?post_type=product&p=51383"},"modified":"2026-02-26T18:32:58","modified_gmt":"2026-02-26T17:32:58","slug":"libreta-planificador-gambel","status":"publish","type":"product","link":"https:\/\/imprimeideas.es\/en\/product\/libreta-planificador-gambel\/","title":{"rendered":"Libreta Planificador Gambel"},"content":{"rendered":"<p>Libreta planificador con cubiertas r\u00edgidas, fabricada en cart\u00f3n reciclado. Con dise\u00f1o funcional, que permite un pr\u00e1ctico plegado y soporte, facilitando la visualizaci\u00f3n de las anotaciones y el acceso a las notas adhesivas. Incluye: 46 hojas color crema con disposici\u00f3n lisa; 13 hojas plafinicadoras. Adem\u00e1s, cuenta con175 notas adhesivas fabricadas en papel reciclado en diversos colores, ideales para destacar tareas o recordatorios. El cart\u00f3n reciclado proviene del reaprovechamiento de excedente de fabricaciones y reciclaje de papel en el final de su vida \u00fatil, convirti\u00e9ndose en un lienzo ecol\u00f3gico y sostenible.<\/p>","protected":false},"excerpt":{"rendered":"<p>Portada R\u00edgida. 46 Hojas + 14 Hojas Planinng. 25 Notas Adhesivas 4,5 x 6 cm. 25 Notas Adhesivas 4,5 x 4,5 cm. 125 Mininotas Adhesivas 1,2 x 4,5 cm<\/p>","protected":false},"featured_media":69884,"comment_status":"open","ping_status":"open","template":"","meta":{"inline_featured_image":false},"product_brand":[],"product_cat":[96],"product_tag":[],"class_list":{"0":"post-51383","1":"product","2":"type-product","3":"status-publish","4":"has-post-thumbnail","6":"product_cat-oficina-y-negocios","8":"first","9":"instock","10":"taxable","11":"shipping-taxable","12":"purchasable","13":"product-type-variable","14":"has-default-attributes"},"aioseo_notices":[],"_links":{"self":[{"href":"https:\/\/imprimeideas.es\/en\/wp-json\/wp\/v2\/product\/51383","targetHints":{"allow":["GET"]}}],"collection":[{"href":"https:\/\/imprimeideas.es\/en\/wp-json\/wp\/v2\/product"}],"about":[{"href":"https:\/\/imprimeideas.es\/en\/wp-json\/wp\/v2\/types\/product"}],"replies":[{"embeddable":true,"href":"https:\/\/imprimeideas.es\/en\/wp-json\/wp\/v2\/comments?post=51383"}],"version-history":[{"count":1,"href":"https:\/\/imprimeideas.es\/en\/wp-json\/wp\/v2\/product\/51383\/revisions"}],"predecessor-version":[{"id":58218,"href":"https:\/\/imprimeideas.es\/en\/wp-json\/wp\/v2\/product\/51383\/revisions\/58218"}],"wp:featuredmedia":[{"embeddable":true,"href":"https:\/\/imprimeideas.es\/en\/wp-json\/wp\/v2\/media\/69884"}],"wp:attachment":[{"href":"https:\/\/imprimeideas.es\/en\/wp-json\/wp\/v2\/media?parent=51383"}],"wp:term":[{"taxonomy":"product_brand","embeddable":true,"href":"https:\/\/imprimeideas.es\/en\/wp-json\/wp\/v2\/product_brand?post=51383"},{"taxonomy":"product_cat","embeddable":true,"href":"https:\/\/imprimeideas.es\/en\/wp-json\/wp\/v2\/product_cat?post=51383"},{"taxonomy":"product_tag","embeddable":true,"href":"https:\/\/imprimeideas.es\/en\/wp-json\/wp\/v2\/product_tag?post=51383"}],"curies":[{"name":"wp","href":"https:\/\/api.w.org\/{rel}","templated":true}]}}