{"id":51375,"date":"2026-02-24T12:43:34","date_gmt":"2026-02-24T11:43:34","guid":{"rendered":"https:\/\/imprimeideas.es\/?post_type=product&p=51375"},"modified":"2026-02-26T18:08:26","modified_gmt":"2026-02-26T17:08:26","slug":"libreta-planning-mensual-celik","status":"publish","type":"product","link":"https:\/\/imprimeideas.es\/en\/product\/libreta-planning-mensual-celik\/","title":{"rendered":"Libreta Planning Mensual Celik"},"content":{"rendered":"<p>Libreta con planificador mensual incluido. Con tapas r\u00edgidas de carton reciclado. Incluye: -80 hojas color crema con l\u00edneas y marca de corte f\u00e1cil -13 hojas de planificador mensual no fechado, con vista de calendario mensual -2 hojas adicionales para notas, con disposici\u00f3n a rayas Perfecta para planificar tu mes, tomar apuntes o notas y organizar tu d\u00eda a d\u00eda. El cart\u00f3n reciclado proviene del reaprovechamiento de excedente de fabricaciones y reciclaje de papel en el final de su vida \u00fatil, convirti\u00e9ndose en un lienzo ecol\u00f3gico y sostenible.<\/p>","protected":false},"excerpt":{"rendered":"<p>Portada R\u00edgida. 80 Hojas + 13 Hojas Planinng<\/p>","protected":false},"featured_media":62530,"comment_status":"open","ping_status":"open","template":"","meta":{"inline_featured_image":false},"product_brand":[],"product_cat":[96],"product_tag":[],"class_list":{"0":"post-51375","1":"product","2":"type-product","3":"status-publish","4":"has-post-thumbnail","6":"product_cat-oficina-y-negocios","8":"first","9":"instock","10":"taxable","11":"shipping-taxable","12":"purchasable","13":"product-type-variable","14":"has-default-attributes"},"aioseo_notices":[],"_links":{"self":[{"href":"https:\/\/imprimeideas.es\/en\/wp-json\/wp\/v2\/product\/51375","targetHints":{"allow":["GET"]}}],"collection":[{"href":"https:\/\/imprimeideas.es\/en\/wp-json\/wp\/v2\/product"}],"about":[{"href":"https:\/\/imprimeideas.es\/en\/wp-json\/wp\/v2\/types\/product"}],"replies":[{"embeddable":true,"href":"https:\/\/imprimeideas.es\/en\/wp-json\/wp\/v2\/comments?post=51375"}],"version-history":[{"count":1,"href":"https:\/\/imprimeideas.es\/en\/wp-json\/wp\/v2\/product\/51375\/revisions"}],"predecessor-version":[{"id":58195,"href":"https:\/\/imprimeideas.es\/en\/wp-json\/wp\/v2\/product\/51375\/revisions\/58195"}],"wp:featuredmedia":[{"embeddable":true,"href":"https:\/\/imprimeideas.es\/en\/wp-json\/wp\/v2\/media\/62530"}],"wp:attachment":[{"href":"https:\/\/imprimeideas.es\/en\/wp-json\/wp\/v2\/media?parent=51375"}],"wp:term":[{"taxonomy":"product_brand","embeddable":true,"href":"https:\/\/imprimeideas.es\/en\/wp-json\/wp\/v2\/product_brand?post=51375"},{"taxonomy":"product_cat","embeddable":true,"href":"https:\/\/imprimeideas.es\/en\/wp-json\/wp\/v2\/product_cat?post=51375"},{"taxonomy":"product_tag","embeddable":true,"href":"https:\/\/imprimeideas.es\/en\/wp-json\/wp\/v2\/product_tag?post=51375"}],"curies":[{"name":"wp","href":"https:\/\/api.w.org\/{rel}","templated":true}]}}