{"id":51373,"date":"2026-02-24T12:43:34","date_gmt":"2026-02-24T11:43:34","guid":{"rendered":"https:\/\/imprimeideas.es\/?post_type=product&p=51373"},"modified":"2026-02-26T18:19:34","modified_gmt":"2026-02-26T17:19:34","slug":"adorno-babek","status":"publish","type":"product","link":"https:\/\/imprimeideas.es\/en\/product\/adorno-babek\/","title":{"rendered":"Adorno Babek"},"content":{"rendered":"<p>Adorno navide\u00f1o fabricado en resistente vidrio, con base de madera natural. Incluye accesorio para colgar en yute natural. Dispone de iluminaci\u00f3n interior con 1 LED en tono blanco. Alimentaci\u00f3n por 3 pilas de bot\u00f3n, incluidas, con bot\u00f3n ON\/OFF en la base.<\/p>","protected":false},"excerpt":{"rendered":"<p>Adorno navide\u00f1o fabricado en resistente vidrio, con base de madera natural. Incluye accesorio para colgar en yute natural. Dispone de<\/p>","protected":false},"featured_media":74053,"comment_status":"open","ping_status":"open","template":"","meta":{"inline_featured_image":false},"product_brand":[],"product_cat":[127],"product_tag":[],"class_list":{"0":"post-51373","1":"product","2":"type-product","3":"status-publish","4":"has-post-thumbnail","6":"product_cat-navidad","8":"first","9":"instock","10":"taxable","11":"shipping-taxable","12":"purchasable","13":"product-type-variable","14":"has-default-attributes"},"aioseo_notices":[],"_links":{"self":[{"href":"https:\/\/imprimeideas.es\/en\/wp-json\/wp\/v2\/product\/51373","targetHints":{"allow":["GET"]}}],"collection":[{"href":"https:\/\/imprimeideas.es\/en\/wp-json\/wp\/v2\/product"}],"about":[{"href":"https:\/\/imprimeideas.es\/en\/wp-json\/wp\/v2\/types\/product"}],"replies":[{"embeddable":true,"href":"https:\/\/imprimeideas.es\/en\/wp-json\/wp\/v2\/comments?post=51373"}],"version-history":[{"count":1,"href":"https:\/\/imprimeideas.es\/en\/wp-json\/wp\/v2\/product\/51373\/revisions"}],"predecessor-version":[{"id":58190,"href":"https:\/\/imprimeideas.es\/en\/wp-json\/wp\/v2\/product\/51373\/revisions\/58190"}],"wp:featuredmedia":[{"embeddable":true,"href":"https:\/\/imprimeideas.es\/en\/wp-json\/wp\/v2\/media\/74053"}],"wp:attachment":[{"href":"https:\/\/imprimeideas.es\/en\/wp-json\/wp\/v2\/media?parent=51373"}],"wp:term":[{"taxonomy":"product_brand","embeddable":true,"href":"https:\/\/imprimeideas.es\/en\/wp-json\/wp\/v2\/product_brand?post=51373"},{"taxonomy":"product_cat","embeddable":true,"href":"https:\/\/imprimeideas.es\/en\/wp-json\/wp\/v2\/product_cat?post=51373"},{"taxonomy":"product_tag","embeddable":true,"href":"https:\/\/imprimeideas.es\/en\/wp-json\/wp\/v2\/product_tag?post=51373"}],"curies":[{"name":"wp","href":"https:\/\/api.w.org\/{rel}","templated":true}]}}