{"id":51365,"date":"2026-02-24T12:43:33","date_gmt":"2026-02-24T11:43:33","guid":{"rendered":"https:\/\/imprimeideas.es\/?post_type=product&p=51365"},"modified":"2026-02-26T18:42:32","modified_gmt":"2026-02-26T17:42:32","slug":"mochila-wendell","status":"publish","type":"product","link":"https:\/\/imprimeideas.es\/en\/product\/mochila-wendell\/","title":{"rendered":"Mochila Wendell"},"content":{"rendered":"<p>Mochila confeccionada en resistente RPET 300D. Con sistema de cierre enrollable y hebilla. Dispone de dos bolsillos frontales, un bolsillo trasero con acceso lateral y dos bolsillos laterales adicionales. Interior de gran capacidad con compartimento interior acolchado para port\u00e1til de hasta 15 pulgadas. Cintas de hombros y espalda acolchachadas. Incluye cinta de transporte para ajuste en trolley o maleta, ideal para viajes y desplazamientos. El material RPET se elabora a partir de pl\u00e1stico reciclado, para as\u00ed fomentar la reutilizaci\u00f3n de residuos pl\u00e1sticos y ayudar a la sostenibilidad del planeta.<\/p>","protected":false},"excerpt":{"rendered":"<p>Bolsillo Acolchado para Port\u00e1til. Parte Trasera y Cintas Acolchadas<\/p>","protected":false},"featured_media":77085,"comment_status":"open","ping_status":"open","template":"","meta":{"inline_featured_image":false},"product_brand":[],"product_cat":[94],"product_tag":[],"class_list":{"0":"post-51365","1":"product","2":"type-product","3":"status-publish","4":"has-post-thumbnail","6":"product_cat-mochilas","8":"first","9":"instock","10":"taxable","11":"shipping-taxable","12":"purchasable","13":"product-type-variable","14":"has-default-attributes"},"aioseo_notices":[],"_links":{"self":[{"href":"https:\/\/imprimeideas.es\/en\/wp-json\/wp\/v2\/product\/51365","targetHints":{"allow":["GET"]}}],"collection":[{"href":"https:\/\/imprimeideas.es\/en\/wp-json\/wp\/v2\/product"}],"about":[{"href":"https:\/\/imprimeideas.es\/en\/wp-json\/wp\/v2\/types\/product"}],"replies":[{"embeddable":true,"href":"https:\/\/imprimeideas.es\/en\/wp-json\/wp\/v2\/comments?post=51365"}],"version-history":[{"count":1,"href":"https:\/\/imprimeideas.es\/en\/wp-json\/wp\/v2\/product\/51365\/revisions"}],"predecessor-version":[{"id":58234,"href":"https:\/\/imprimeideas.es\/en\/wp-json\/wp\/v2\/product\/51365\/revisions\/58234"}],"wp:featuredmedia":[{"embeddable":true,"href":"https:\/\/imprimeideas.es\/en\/wp-json\/wp\/v2\/media\/77085"}],"wp:attachment":[{"href":"https:\/\/imprimeideas.es\/en\/wp-json\/wp\/v2\/media?parent=51365"}],"wp:term":[{"taxonomy":"product_brand","embeddable":true,"href":"https:\/\/imprimeideas.es\/en\/wp-json\/wp\/v2\/product_brand?post=51365"},{"taxonomy":"product_cat","embeddable":true,"href":"https:\/\/imprimeideas.es\/en\/wp-json\/wp\/v2\/product_cat?post=51365"},{"taxonomy":"product_tag","embeddable":true,"href":"https:\/\/imprimeideas.es\/en\/wp-json\/wp\/v2\/product_tag?post=51365"}],"curies":[{"name":"wp","href":"https:\/\/api.w.org\/{rel}","templated":true}]}}