{"id":51185,"date":"2026-02-24T12:43:06","date_gmt":"2026-02-24T11:43:06","guid":{"rendered":"https:\/\/imprimeideas.es\/?post_type=product&p=51185"},"modified":"2026-02-26T18:23:18","modified_gmt":"2026-02-26T17:23:18","slug":"vaso-termico-kazont","status":"publish","type":"product","link":"https:\/\/imprimeideas.es\/en\/product\/vaso-termico-kazont\/","title":{"rendered":"Vaso T\u00e9rmico Kazont"},"content":{"rendered":"<p>Vaso t\u00e9rmico con 500 ml de capacidad. Fabricado en Acero Inoxidable Reciclado. Cuenta con doble sistema de bebida: orificio con cierre herm\u00e9tico y pajita integrada, adapt\u00e1ndose a las preferencias de uso. Con tapa de sistema de sellado herm\u00e9tico.Incluye pr\u00e1ctica cinta de transporte, ideal para llevarlo f\u00e1cilmente en cualquier situaci\u00f3n. Libre de BPA. Con distintivo Acero Inoxidable Reciclado. El acero es uno de los materiales m\u00e1s demandados y que puede encontrarse casi en todas partes, desde productos de uso diario a grandes construcciones. Con innumerables propiedades, entre las que cabe destacar la durabilidad y su alto grado de reutilizaci\u00f3n, convirti\u00e9ndolo en una alternativa muy valorada en soluciones de sostenibilidad. Debidamente tratado, permite obtener nuevos recursos de infinita utilizaci\u00f3n.<\/p>","protected":false},"excerpt":{"rendered":"<p>500 ml<\/p>","protected":false},"featured_media":68820,"comment_status":"open","ping_status":"open","template":"","meta":{"inline_featured_image":false},"product_brand":[],"product_cat":[97],"product_tag":[],"class_list":{"0":"post-51185","1":"product","2":"type-product","3":"status-publish","4":"has-post-thumbnail","6":"product_cat-tazas-jarras-y-termos","8":"first","9":"instock","10":"taxable","11":"shipping-taxable","12":"purchasable","13":"product-type-variable","14":"has-default-attributes"},"aioseo_notices":[],"_links":{"self":[{"href":"https:\/\/imprimeideas.es\/en\/wp-json\/wp\/v2\/product\/51185","targetHints":{"allow":["GET"]}}],"collection":[{"href":"https:\/\/imprimeideas.es\/en\/wp-json\/wp\/v2\/product"}],"about":[{"href":"https:\/\/imprimeideas.es\/en\/wp-json\/wp\/v2\/types\/product"}],"replies":[{"embeddable":true,"href":"https:\/\/imprimeideas.es\/en\/wp-json\/wp\/v2\/comments?post=51185"}],"version-history":[{"count":1,"href":"https:\/\/imprimeideas.es\/en\/wp-json\/wp\/v2\/product\/51185\/revisions"}],"predecessor-version":[{"id":58205,"href":"https:\/\/imprimeideas.es\/en\/wp-json\/wp\/v2\/product\/51185\/revisions\/58205"}],"wp:featuredmedia":[{"embeddable":true,"href":"https:\/\/imprimeideas.es\/en\/wp-json\/wp\/v2\/media\/68820"}],"wp:attachment":[{"href":"https:\/\/imprimeideas.es\/en\/wp-json\/wp\/v2\/media?parent=51185"}],"wp:term":[{"taxonomy":"product_brand","embeddable":true,"href":"https:\/\/imprimeideas.es\/en\/wp-json\/wp\/v2\/product_brand?post=51185"},{"taxonomy":"product_cat","embeddable":true,"href":"https:\/\/imprimeideas.es\/en\/wp-json\/wp\/v2\/product_cat?post=51185"},{"taxonomy":"product_tag","embeddable":true,"href":"https:\/\/imprimeideas.es\/en\/wp-json\/wp\/v2\/product_tag?post=51185"}],"curies":[{"name":"wp","href":"https:\/\/api.w.org\/{rel}","templated":true}]}}