{"id":50909,"date":"2026-02-24T12:42:25","date_gmt":"2026-02-24T11:42:25","guid":{"rendered":"https:\/\/imprimeideas.es\/?post_type=product&p=50909"},"modified":"2026-02-26T18:32:54","modified_gmt":"2026-02-26T17:32:54","slug":"sudadera-mujer-draco","status":"publish","type":"product","link":"https:\/\/imprimeideas.es\/en\/product\/sudadera-mujer-draco\/","title":{"rendered":"Sudadera Mujer Draco"},"content":{"rendered":"<p>Sudadera entallada de corte femenino con capucha forrada a tono de doble tejido. Confeccionada en algod\u00f3n y poliester en suave felpa perchada de 280 g\/m2. Con Bolsillo tipo canguro. Cord\u00f3n ajustable y ojales met\u00e1licos a tono. Cubrecosturas en el cuello. Pu\u00f1os y la cintura en punto canal\u00e9 1&#215;1 con elastano para mayor ajuste y confort.<\/p>","protected":false},"excerpt":{"rendered":"<p>Sudadera entallada de corte femenino con capucha forrada a tono de doble tejido. Confeccionada en algod\u00f3n y poliester en suave<\/p>","protected":false},"featured_media":76103,"comment_status":"open","ping_status":"open","template":"","meta":{"inline_featured_image":false},"product_brand":[],"product_cat":[116],"product_tag":[],"class_list":{"0":"post-50909","1":"product","2":"type-product","3":"status-publish","4":"has-post-thumbnail","6":"product_cat-textil","8":"first","9":"instock","10":"taxable","11":"shipping-taxable","12":"purchasable","13":"product-type-variable","14":"has-default-attributes"},"aioseo_notices":[],"_links":{"self":[{"href":"https:\/\/imprimeideas.es\/en\/wp-json\/wp\/v2\/product\/50909","targetHints":{"allow":["GET"]}}],"collection":[{"href":"https:\/\/imprimeideas.es\/en\/wp-json\/wp\/v2\/product"}],"about":[{"href":"https:\/\/imprimeideas.es\/en\/wp-json\/wp\/v2\/types\/product"}],"replies":[{"embeddable":true,"href":"https:\/\/imprimeideas.es\/en\/wp-json\/wp\/v2\/comments?post=50909"}],"version-history":[{"count":1,"href":"https:\/\/imprimeideas.es\/en\/wp-json\/wp\/v2\/product\/50909\/revisions"}],"predecessor-version":[{"id":58180,"href":"https:\/\/imprimeideas.es\/en\/wp-json\/wp\/v2\/product\/50909\/revisions\/58180"}],"wp:featuredmedia":[{"embeddable":true,"href":"https:\/\/imprimeideas.es\/en\/wp-json\/wp\/v2\/media\/76103"}],"wp:attachment":[{"href":"https:\/\/imprimeideas.es\/en\/wp-json\/wp\/v2\/media?parent=50909"}],"wp:term":[{"taxonomy":"product_brand","embeddable":true,"href":"https:\/\/imprimeideas.es\/en\/wp-json\/wp\/v2\/product_brand?post=50909"},{"taxonomy":"product_cat","embeddable":true,"href":"https:\/\/imprimeideas.es\/en\/wp-json\/wp\/v2\/product_cat?post=50909"},{"taxonomy":"product_tag","embeddable":true,"href":"https:\/\/imprimeideas.es\/en\/wp-json\/wp\/v2\/product_tag?post=50909"}],"curies":[{"name":"wp","href":"https:\/\/api.w.org\/{rel}","templated":true}]}}