{"id":50797,"date":"2026-02-24T12:42:09","date_gmt":"2026-02-24T11:42:09","guid":{"rendered":"https:\/\/imprimeideas.es\/?post_type=product&p=50797"},"modified":"2026-02-26T18:27:56","modified_gmt":"2026-02-26T17:27:56","slug":"lampara-hardig","status":"publish","type":"product","link":"https:\/\/imprimeideas.es\/en\/product\/lampara-hardig\/","title":{"rendered":"L\u00e1mpara Hardig"},"content":{"rendered":"<p>L\u00e1mpara de dise\u00f1o en metal. Incluye asa superior en suave PU. Dispone de 3 modos de luz (blanca, neutra y c\u00e1lida). Equipada con 24 LEDs. Ideal tanto para espacios interiores como exteriores. Bot\u00f3n t\u00e1ctil integrado para encendido, apagado y la selecci\u00f3n del modo de luz. Equipada con bater\u00eda recargable de 1.200 mAh y entrada Tipo C.<\/p>","protected":false},"excerpt":{"rendered":"<p>24 Ledes. 3 Posiciones de Luz. Bater\u00eda 1200 mAh<\/p>","protected":false},"featured_media":82010,"comment_status":"open","ping_status":"open","template":"","meta":{"inline_featured_image":false},"product_brand":[],"product_cat":[104],"product_tag":[],"class_list":{"0":"post-50797","1":"product","2":"type-product","3":"status-publish","4":"has-post-thumbnail","6":"product_cat-hogar-y-decoracion","8":"first","9":"instock","10":"taxable","11":"shipping-taxable","12":"purchasable","13":"product-type-variable","14":"has-default-attributes"},"aioseo_notices":[],"_links":{"self":[{"href":"https:\/\/imprimeideas.es\/en\/wp-json\/wp\/v2\/product\/50797","targetHints":{"allow":["GET"]}}],"collection":[{"href":"https:\/\/imprimeideas.es\/en\/wp-json\/wp\/v2\/product"}],"about":[{"href":"https:\/\/imprimeideas.es\/en\/wp-json\/wp\/v2\/types\/product"}],"replies":[{"embeddable":true,"href":"https:\/\/imprimeideas.es\/en\/wp-json\/wp\/v2\/comments?post=50797"}],"version-history":[{"count":1,"href":"https:\/\/imprimeideas.es\/en\/wp-json\/wp\/v2\/product\/50797\/revisions"}],"predecessor-version":[{"id":58221,"href":"https:\/\/imprimeideas.es\/en\/wp-json\/wp\/v2\/product\/50797\/revisions\/58221"}],"wp:featuredmedia":[{"embeddable":true,"href":"https:\/\/imprimeideas.es\/en\/wp-json\/wp\/v2\/media\/82010"}],"wp:attachment":[{"href":"https:\/\/imprimeideas.es\/en\/wp-json\/wp\/v2\/media?parent=50797"}],"wp:term":[{"taxonomy":"product_brand","embeddable":true,"href":"https:\/\/imprimeideas.es\/en\/wp-json\/wp\/v2\/product_brand?post=50797"},{"taxonomy":"product_cat","embeddable":true,"href":"https:\/\/imprimeideas.es\/en\/wp-json\/wp\/v2\/product_cat?post=50797"},{"taxonomy":"product_tag","embeddable":true,"href":"https:\/\/imprimeideas.es\/en\/wp-json\/wp\/v2\/product_tag?post=50797"}],"curies":[{"name":"wp","href":"https:\/\/api.w.org\/{rel}","templated":true}]}}