{"id":50792,"date":"2026-02-24T12:42:09","date_gmt":"2026-02-24T11:42:09","guid":{"rendered":"https:\/\/imprimeideas.es\/?post_type=product&p=50792"},"modified":"2026-02-26T18:13:52","modified_gmt":"2026-02-26T17:13:52","slug":"radio-emergencia-multifuncion-cartney","status":"publish","type":"product","link":"https:\/\/imprimeideas.es\/en\/product\/radio-emergencia-multifuncion-cartney\/","title":{"rendered":"Radio Emergencia Multifunci\u00f3n Cartney"},"content":{"rendered":"<p>Radio Multifunci\u00f3n de Emergencia fabricada en resistente ABS. Ofrece una amplia gama de funciones \u00fatiles para el uso diario, actividades al aire libre o situaciones de emergencia. Incluye: &#8211; Radio de banda dual: FM \/ AM &#8211; Linterna LED, con modo SOS &#8211; Panel de Carga Solar &#8211; Carga Manual con sistema dinamo ajustable de 360\u00b0 &#8211; Bater\u00eda recargable de 2000 mAh &#8211; Antena plegable de alta sensibilidad &#8211; Entrada Tipo C y salida USB Una soluci\u00f3n funcional para mantenerse siempre conectado y preparado.<\/p>","protected":false},"excerpt":{"rendered":"<p>1 Led. 2 Posiciones de Luz, Fija e Intermitente. 2000 mAh. Radio AM\/FM. Carga Solar y Manual<\/p>","protected":false},"featured_media":72137,"comment_status":"open","ping_status":"open","template":"","meta":{"inline_featured_image":false},"product_brand":[],"product_cat":[101,104,95],"product_tag":[],"class_list":{"0":"post-50792","1":"product","2":"type-product","3":"status-publish","4":"has-post-thumbnail","6":"product_cat-deporte-y-aventura","7":"product_cat-hogar-y-decoracion","8":"product_cat-tecnologia-y-accesorios","10":"first","11":"outofstock","12":"taxable","13":"shipping-taxable","14":"purchasable","15":"product-type-variable","16":"has-default-attributes"},"aioseo_notices":[],"_links":{"self":[{"href":"https:\/\/imprimeideas.es\/en\/wp-json\/wp\/v2\/product\/50792","targetHints":{"allow":["GET"]}}],"collection":[{"href":"https:\/\/imprimeideas.es\/en\/wp-json\/wp\/v2\/product"}],"about":[{"href":"https:\/\/imprimeideas.es\/en\/wp-json\/wp\/v2\/types\/product"}],"replies":[{"embeddable":true,"href":"https:\/\/imprimeideas.es\/en\/wp-json\/wp\/v2\/comments?post=50792"}],"version-history":[{"count":1,"href":"https:\/\/imprimeideas.es\/en\/wp-json\/wp\/v2\/product\/50792\/revisions"}],"predecessor-version":[{"id":58206,"href":"https:\/\/imprimeideas.es\/en\/wp-json\/wp\/v2\/product\/50792\/revisions\/58206"}],"wp:featuredmedia":[{"embeddable":true,"href":"https:\/\/imprimeideas.es\/en\/wp-json\/wp\/v2\/media\/72137"}],"wp:attachment":[{"href":"https:\/\/imprimeideas.es\/en\/wp-json\/wp\/v2\/media?parent=50792"}],"wp:term":[{"taxonomy":"product_brand","embeddable":true,"href":"https:\/\/imprimeideas.es\/en\/wp-json\/wp\/v2\/product_brand?post=50792"},{"taxonomy":"product_cat","embeddable":true,"href":"https:\/\/imprimeideas.es\/en\/wp-json\/wp\/v2\/product_cat?post=50792"},{"taxonomy":"product_tag","embeddable":true,"href":"https:\/\/imprimeideas.es\/en\/wp-json\/wp\/v2\/product_tag?post=50792"}],"curies":[{"name":"wp","href":"https:\/\/api.w.org\/{rel}","templated":true}]}}