{"id":50780,"date":"2026-02-24T12:42:07","date_gmt":"2026-02-24T11:42:07","guid":{"rendered":"https:\/\/imprimeideas.es\/?post_type=product&p=50780"},"modified":"2026-02-26T18:13:42","modified_gmt":"2026-02-26T17:13:42","slug":"jarra-termica-liena","status":"publish","type":"product","link":"https:\/\/imprimeideas.es\/en\/product\/jarra-termica-liena\/","title":{"rendered":"Jarra T\u00e9rmica Liena"},"content":{"rendered":"<p>Jarra t\u00e9rmica de 1,2 L de capacidad. Fabricada en Acero Inoxidable Reciclado. Cuenta con doble sistema de bebida: orificio con cierre herm\u00e9tico y pajita integrada, adapt\u00e1ndose a las preferencias de uso. Incluye asa de transporte ergon\u00f3mica de PP para mayor comodidad. Libre de BPA. Incluye distintivo acero inoxidable reciclado. El acero es uno de los materiales m\u00e1s demandados y que puede encontrarse casi en todas partes, desde productos de uso diario a grandes construcciones. Con innumerables propiedades, entre las que cabe destacar la durabilidad y su alto grado de reutilizaci\u00f3n, convirti\u00e9ndolo en una alternativa muy valorada en soluciones de sostenibilidad. Debidamente tratado, permite obtener nuevos recursos de infinita utilizaci\u00f3n.<\/p>","protected":false},"excerpt":{"rendered":"<p>1200 ml<\/p>","protected":false},"featured_media":75836,"comment_status":"open","ping_status":"open","template":"","meta":{"inline_featured_image":false},"product_brand":[],"product_cat":[97],"product_tag":[],"class_list":{"0":"post-50780","1":"product","2":"type-product","3":"status-publish","4":"has-post-thumbnail","6":"product_cat-tazas-jarras-y-termos","8":"first","9":"instock","10":"taxable","11":"shipping-taxable","12":"purchasable","13":"product-type-variable","14":"has-default-attributes"},"aioseo_notices":[],"_links":{"self":[{"href":"https:\/\/imprimeideas.es\/en\/wp-json\/wp\/v2\/product\/50780","targetHints":{"allow":["GET"]}}],"collection":[{"href":"https:\/\/imprimeideas.es\/en\/wp-json\/wp\/v2\/product"}],"about":[{"href":"https:\/\/imprimeideas.es\/en\/wp-json\/wp\/v2\/types\/product"}],"replies":[{"embeddable":true,"href":"https:\/\/imprimeideas.es\/en\/wp-json\/wp\/v2\/comments?post=50780"}],"version-history":[{"count":1,"href":"https:\/\/imprimeideas.es\/en\/wp-json\/wp\/v2\/product\/50780\/revisions"}],"predecessor-version":[{"id":58202,"href":"https:\/\/imprimeideas.es\/en\/wp-json\/wp\/v2\/product\/50780\/revisions\/58202"}],"wp:featuredmedia":[{"embeddable":true,"href":"https:\/\/imprimeideas.es\/en\/wp-json\/wp\/v2\/media\/75836"}],"wp:attachment":[{"href":"https:\/\/imprimeideas.es\/en\/wp-json\/wp\/v2\/media?parent=50780"}],"wp:term":[{"taxonomy":"product_brand","embeddable":true,"href":"https:\/\/imprimeideas.es\/en\/wp-json\/wp\/v2\/product_brand?post=50780"},{"taxonomy":"product_cat","embeddable":true,"href":"https:\/\/imprimeideas.es\/en\/wp-json\/wp\/v2\/product_cat?post=50780"},{"taxonomy":"product_tag","embeddable":true,"href":"https:\/\/imprimeideas.es\/en\/wp-json\/wp\/v2\/product_tag?post=50780"}],"curies":[{"name":"wp","href":"https:\/\/api.w.org\/{rel}","templated":true}]}}