{"id":50771,"date":"2026-02-24T12:42:06","date_gmt":"2026-02-24T11:42:06","guid":{"rendered":"https:\/\/imprimeideas.es\/?post_type=product&p=50771"},"modified":"2026-02-26T18:32:51","modified_gmt":"2026-02-26T17:32:51","slug":"vela-aromatica-dempsey","status":"publish","type":"product","link":"https:\/\/imprimeideas.es\/en\/product\/vela-aromatica-dempsey\/","title":{"rendered":"Vela Arom\u00e1tica Dempsey"},"content":{"rendered":"<p>Vela arom\u00e1tica elaborada con cera vegetal y aroma de canela y c\u00edtricos. Con p\u00e9talos de flor rosa, rama de canela, rodajas de naranja seca y an\u00eds estrellado como elementos decorativos en la parte superior.<\/p>","protected":false},"excerpt":{"rendered":"<p>Cera Vegetal. Aroma Canela y C\u00edtricos<\/p>","protected":false},"featured_media":53887,"comment_status":"open","ping_status":"open","template":"","meta":{"inline_featured_image":false},"product_brand":[],"product_cat":[104],"product_tag":[],"class_list":{"0":"post-50771","1":"product","2":"type-product","3":"status-publish","4":"has-post-thumbnail","6":"product_cat-hogar-y-decoracion","8":"first","9":"instock","10":"taxable","11":"shipping-taxable","12":"purchasable","13":"product-type-variable","14":"has-default-attributes"},"aioseo_notices":[],"_links":{"self":[{"href":"https:\/\/imprimeideas.es\/en\/wp-json\/wp\/v2\/product\/50771","targetHints":{"allow":["GET"]}}],"collection":[{"href":"https:\/\/imprimeideas.es\/en\/wp-json\/wp\/v2\/product"}],"about":[{"href":"https:\/\/imprimeideas.es\/en\/wp-json\/wp\/v2\/types\/product"}],"replies":[{"embeddable":true,"href":"https:\/\/imprimeideas.es\/en\/wp-json\/wp\/v2\/comments?post=50771"}],"version-history":[{"count":1,"href":"https:\/\/imprimeideas.es\/en\/wp-json\/wp\/v2\/product\/50771\/revisions"}],"predecessor-version":[{"id":58224,"href":"https:\/\/imprimeideas.es\/en\/wp-json\/wp\/v2\/product\/50771\/revisions\/58224"}],"wp:featuredmedia":[{"embeddable":true,"href":"https:\/\/imprimeideas.es\/en\/wp-json\/wp\/v2\/media\/53887"}],"wp:attachment":[{"href":"https:\/\/imprimeideas.es\/en\/wp-json\/wp\/v2\/media?parent=50771"}],"wp:term":[{"taxonomy":"product_brand","embeddable":true,"href":"https:\/\/imprimeideas.es\/en\/wp-json\/wp\/v2\/product_brand?post=50771"},{"taxonomy":"product_cat","embeddable":true,"href":"https:\/\/imprimeideas.es\/en\/wp-json\/wp\/v2\/product_cat?post=50771"},{"taxonomy":"product_tag","embeddable":true,"href":"https:\/\/imprimeideas.es\/en\/wp-json\/wp\/v2\/product_tag?post=50771"}],"curies":[{"name":"wp","href":"https:\/\/api.w.org\/{rel}","templated":true}]}}