{"id":50655,"date":"2026-02-24T12:41:50","date_gmt":"2026-02-24T11:41:50","guid":{"rendered":"https:\/\/imprimeideas.es\/?post_type=product&p=50655"},"modified":"2026-02-26T18:42:31","modified_gmt":"2026-02-26T17:42:31","slug":"trolley-pletux","status":"publish","type":"product","link":"https:\/\/imprimeideas.es\/en\/product\/trolley-pletux\/","title":{"rendered":"Trolley Pletux"},"content":{"rendered":"<p>Trolley ideal para personalizaci\u00f3n con dise\u00f1o propio. Cuenta con protector frontal transparente en PC, que permite insertar f\u00e1cilmente el dise\u00f1o deseado, ofreciendo adem\u00e1s una m\u00e1xima visibilidad. Parte trasera en resistente ABS color negro, aportando resistencia y durabilidad. Cuenta con cierre lateral de seguridad por combinaci\u00f3n y doble tirador en cremalleras. En su interior, cuenta con compartimento con cremallera y cintas de ajuste. Con asa telesc\u00f3pica y 4 ruedas giratorias.<\/p>","protected":false},"excerpt":{"rendered":"<p>R\u00edgido. 4 Ruedas Giratorias. Cierre Seguridad<\/p>","protected":false},"featured_media":71707,"comment_status":"open","ping_status":"open","template":"","meta":{"inline_featured_image":false},"product_brand":[],"product_cat":[103],"product_tag":[],"class_list":{"0":"post-50655","1":"product","2":"type-product","3":"status-publish","4":"has-post-thumbnail","6":"product_cat-viaje","8":"first","9":"instock","10":"taxable","11":"shipping-taxable","12":"purchasable","13":"product-type-variable","14":"has-default-attributes"},"aioseo_notices":[],"_links":{"self":[{"href":"https:\/\/imprimeideas.es\/en\/wp-json\/wp\/v2\/product\/50655","targetHints":{"allow":["GET"]}}],"collection":[{"href":"https:\/\/imprimeideas.es\/en\/wp-json\/wp\/v2\/product"}],"about":[{"href":"https:\/\/imprimeideas.es\/en\/wp-json\/wp\/v2\/types\/product"}],"replies":[{"embeddable":true,"href":"https:\/\/imprimeideas.es\/en\/wp-json\/wp\/v2\/comments?post=50655"}],"version-history":[{"count":1,"href":"https:\/\/imprimeideas.es\/en\/wp-json\/wp\/v2\/product\/50655\/revisions"}],"predecessor-version":[{"id":58231,"href":"https:\/\/imprimeideas.es\/en\/wp-json\/wp\/v2\/product\/50655\/revisions\/58231"}],"wp:featuredmedia":[{"embeddable":true,"href":"https:\/\/imprimeideas.es\/en\/wp-json\/wp\/v2\/media\/71707"}],"wp:attachment":[{"href":"https:\/\/imprimeideas.es\/en\/wp-json\/wp\/v2\/media?parent=50655"}],"wp:term":[{"taxonomy":"product_brand","embeddable":true,"href":"https:\/\/imprimeideas.es\/en\/wp-json\/wp\/v2\/product_brand?post=50655"},{"taxonomy":"product_cat","embeddable":true,"href":"https:\/\/imprimeideas.es\/en\/wp-json\/wp\/v2\/product_cat?post=50655"},{"taxonomy":"product_tag","embeddable":true,"href":"https:\/\/imprimeideas.es\/en\/wp-json\/wp\/v2\/product_tag?post=50655"}],"curies":[{"name":"wp","href":"https:\/\/api.w.org\/{rel}","templated":true}]}}