{"id":50620,"date":"2026-02-24T12:41:45","date_gmt":"2026-02-24T11:41:45","guid":{"rendered":"https:\/\/imprimeideas.es\/?post_type=product&p=50620"},"modified":"2026-02-26T18:19:41","modified_gmt":"2026-02-26T17:19:41","slug":"zapatilla-kodama","status":"publish","type":"product","link":"https:\/\/imprimeideas.es\/en\/product\/zapatilla-kodama\/","title":{"rendered":"Zapatilla Kodama"},"content":{"rendered":"<p>Zapatilla de dise\u00f1o  con silueta de perfil bajo, confeccionada con una parte superior de piel suave y refuerzos en ante que aportan estilo.Cuenta con suela acolchada para mayor comodidad y suela inferior de goma que garantiza tracci\u00f3n y resistencia. Presenta un cierre con cordones a tono. Incluye detalle a juego en la leng\u00fceta, ideal para personalizaci\u00f3n mediante impresi\u00f3n.<\/p>","protected":false},"excerpt":{"rendered":"<p>Zapatilla de dise\u00f1o con silueta de perfil bajo, confeccionada con una parte superior de piel suave y refuerzos en ante<\/p>","protected":false},"featured_media":63204,"comment_status":"open","ping_status":"open","template":"","meta":{"inline_featured_image":false},"product_brand":[],"product_cat":[114],"product_tag":[],"class_list":{"0":"post-50620","1":"product","2":"type-product","3":"status-publish","4":"has-post-thumbnail","6":"product_cat-verano-y-playa","8":"first","9":"instock","10":"taxable","11":"shipping-taxable","12":"purchasable","13":"product-type-variable","14":"has-default-attributes"},"aioseo_notices":[],"_links":{"self":[{"href":"https:\/\/imprimeideas.es\/en\/wp-json\/wp\/v2\/product\/50620","targetHints":{"allow":["GET"]}}],"collection":[{"href":"https:\/\/imprimeideas.es\/en\/wp-json\/wp\/v2\/product"}],"about":[{"href":"https:\/\/imprimeideas.es\/en\/wp-json\/wp\/v2\/types\/product"}],"replies":[{"embeddable":true,"href":"https:\/\/imprimeideas.es\/en\/wp-json\/wp\/v2\/comments?post=50620"}],"version-history":[{"count":1,"href":"https:\/\/imprimeideas.es\/en\/wp-json\/wp\/v2\/product\/50620\/revisions"}],"predecessor-version":[{"id":58165,"href":"https:\/\/imprimeideas.es\/en\/wp-json\/wp\/v2\/product\/50620\/revisions\/58165"}],"wp:featuredmedia":[{"embeddable":true,"href":"https:\/\/imprimeideas.es\/en\/wp-json\/wp\/v2\/media\/63204"}],"wp:attachment":[{"href":"https:\/\/imprimeideas.es\/en\/wp-json\/wp\/v2\/media?parent=50620"}],"wp:term":[{"taxonomy":"product_brand","embeddable":true,"href":"https:\/\/imprimeideas.es\/en\/wp-json\/wp\/v2\/product_brand?post=50620"},{"taxonomy":"product_cat","embeddable":true,"href":"https:\/\/imprimeideas.es\/en\/wp-json\/wp\/v2\/product_cat?post=50620"},{"taxonomy":"product_tag","embeddable":true,"href":"https:\/\/imprimeideas.es\/en\/wp-json\/wp\/v2\/product_tag?post=50620"}],"curies":[{"name":"wp","href":"https:\/\/api.w.org\/{rel}","templated":true}]}}