{"id":50615,"date":"2026-02-24T12:41:44","date_gmt":"2026-02-24T11:41:44","guid":{"rendered":"https:\/\/imprimeideas.es\/?post_type=product&p=50615"},"modified":"2026-02-26T18:37:27","modified_gmt":"2026-02-26T17:37:27","slug":"boligrafo-jotter-xl-monochrome","status":"publish","type":"product","link":"https:\/\/imprimeideas.es\/en\/product\/boligrafo-jotter-xl-monochrome\/","title":{"rendered":"Bol\u00edgrafo Jotter XL Monochrome"},"content":{"rendered":"<p>Bol\u00edgrafo Parker Jotter XL Monochrome, un cl\u00e1sico entre los bol\u00edgrafos con tinta de gel. Fabricado en acero inox, con adornos y el clip con la forma ic\u00f3nica en punta de flecha de la marca. Con mecanismo pulsador, cl\u00e1sico cartucho interior Parker y en tinta azul. Presentaci\u00f3n en estuche individual negro con logotipo Parker.Con la fluidez, precisi\u00f3n e intensidad homog\u00e9neas propias de PARKER Jotter, un referente en cuanto a estilo desde hace m\u00e1s de 60 a\u00f1os. Con un dise\u00f1o novedoso y simplificado y con una tinta de gel intensa y homog\u00e9nea que traza con fluidez l\u00edneas que se secan con rapidez para evitar borrones, reflejando su legado en cada detalle.<\/p>","protected":false},"excerpt":{"rendered":"<p>Carga Jumbo<\/p>","protected":false},"featured_media":76719,"comment_status":"open","ping_status":"open","template":"","meta":{"inline_featured_image":false},"product_brand":[],"product_cat":[100],"product_tag":[],"class_list":{"0":"post-50615","1":"product","2":"type-product","3":"status-publish","4":"has-post-thumbnail","6":"product_cat-escritura","8":"first","9":"instock","10":"taxable","11":"shipping-taxable","12":"purchasable","13":"product-type-variable","14":"has-default-attributes"},"aioseo_notices":[],"_links":{"self":[{"href":"https:\/\/imprimeideas.es\/en\/wp-json\/wp\/v2\/product\/50615","targetHints":{"allow":["GET"]}}],"collection":[{"href":"https:\/\/imprimeideas.es\/en\/wp-json\/wp\/v2\/product"}],"about":[{"href":"https:\/\/imprimeideas.es\/en\/wp-json\/wp\/v2\/types\/product"}],"replies":[{"embeddable":true,"href":"https:\/\/imprimeideas.es\/en\/wp-json\/wp\/v2\/comments?post=50615"}],"version-history":[{"count":1,"href":"https:\/\/imprimeideas.es\/en\/wp-json\/wp\/v2\/product\/50615\/revisions"}],"predecessor-version":[{"id":60765,"href":"https:\/\/imprimeideas.es\/en\/wp-json\/wp\/v2\/product\/50615\/revisions\/60765"}],"wp:featuredmedia":[{"embeddable":true,"href":"https:\/\/imprimeideas.es\/en\/wp-json\/wp\/v2\/media\/76719"}],"wp:attachment":[{"href":"https:\/\/imprimeideas.es\/en\/wp-json\/wp\/v2\/media?parent=50615"}],"wp:term":[{"taxonomy":"product_brand","embeddable":true,"href":"https:\/\/imprimeideas.es\/en\/wp-json\/wp\/v2\/product_brand?post=50615"},{"taxonomy":"product_cat","embeddable":true,"href":"https:\/\/imprimeideas.es\/en\/wp-json\/wp\/v2\/product_cat?post=50615"},{"taxonomy":"product_tag","embeddable":true,"href":"https:\/\/imprimeideas.es\/en\/wp-json\/wp\/v2\/product_tag?post=50615"}],"curies":[{"name":"wp","href":"https:\/\/api.w.org\/{rel}","templated":true}]}}