{"id":50613,"date":"2026-02-24T12:41:44","date_gmt":"2026-02-24T11:41:44","guid":{"rendered":"https:\/\/imprimeideas.es\/?post_type=product&p=50613"},"modified":"2026-02-26T18:42:31","modified_gmt":"2026-02-26T17:42:31","slug":"auriculares-sohan","status":"publish","type":"product","link":"https:\/\/imprimeideas.es\/en\/product\/auriculares-sohan\/","title":{"rendered":"Auriculares Sohan"},"content":{"rendered":"<p>Auriculares gamer dise\u00f1ados para una experiencia de juego inmersiva. Dise\u00f1o de diadema con sonido envolvente y retroiluminados con luz LEDs multicolor combinando efectos intermitentes autom\u00e1ticos. Micr\u00f3fono integrado y cable de 160cm con control de volumen integrado y doble conexi\u00f3n (USB y Jack 3,5 mm).<\/p>","protected":false},"excerpt":{"rendered":"<p>Luces Led Multicolor. Conexi\u00f3n Jack 3,5 mm y USB<\/p>","protected":false},"featured_media":78662,"comment_status":"open","ping_status":"open","template":"","meta":{"inline_featured_image":false},"product_brand":[],"product_cat":[95],"product_tag":[],"class_list":{"0":"post-50613","1":"product","2":"type-product","3":"status-publish","4":"has-post-thumbnail","6":"product_cat-tecnologia-y-accesorios","8":"first","9":"instock","10":"taxable","11":"shipping-taxable","12":"purchasable","13":"product-type-variable","14":"has-default-attributes"},"aioseo_notices":[],"_links":{"self":[{"href":"https:\/\/imprimeideas.es\/en\/wp-json\/wp\/v2\/product\/50613","targetHints":{"allow":["GET"]}}],"collection":[{"href":"https:\/\/imprimeideas.es\/en\/wp-json\/wp\/v2\/product"}],"about":[{"href":"https:\/\/imprimeideas.es\/en\/wp-json\/wp\/v2\/types\/product"}],"replies":[{"embeddable":true,"href":"https:\/\/imprimeideas.es\/en\/wp-json\/wp\/v2\/comments?post=50613"}],"version-history":[{"count":1,"href":"https:\/\/imprimeideas.es\/en\/wp-json\/wp\/v2\/product\/50613\/revisions"}],"predecessor-version":[{"id":58172,"href":"https:\/\/imprimeideas.es\/en\/wp-json\/wp\/v2\/product\/50613\/revisions\/58172"}],"wp:featuredmedia":[{"embeddable":true,"href":"https:\/\/imprimeideas.es\/en\/wp-json\/wp\/v2\/media\/78662"}],"wp:attachment":[{"href":"https:\/\/imprimeideas.es\/en\/wp-json\/wp\/v2\/media?parent=50613"}],"wp:term":[{"taxonomy":"product_brand","embeddable":true,"href":"https:\/\/imprimeideas.es\/en\/wp-json\/wp\/v2\/product_brand?post=50613"},{"taxonomy":"product_cat","embeddable":true,"href":"https:\/\/imprimeideas.es\/en\/wp-json\/wp\/v2\/product_cat?post=50613"},{"taxonomy":"product_tag","embeddable":true,"href":"https:\/\/imprimeideas.es\/en\/wp-json\/wp\/v2\/product_tag?post=50613"}],"curies":[{"name":"wp","href":"https:\/\/api.w.org\/{rel}","templated":true}]}}