{"id":50611,"date":"2026-02-24T12:41:43","date_gmt":"2026-02-24T11:41:43","guid":{"rendered":"https:\/\/imprimeideas.es\/?post_type=product&p=50611"},"modified":"2026-02-26T18:33:05","modified_gmt":"2026-02-26T17:33:05","slug":"raton-qinox","status":"publish","type":"product","link":"https:\/\/imprimeideas.es\/en\/product\/raton-qinox\/","title":{"rendered":"Rat\u00f3n Qinox"},"content":{"rendered":"<p>Rat\u00f3n gamer dise\u00f1ado para una experiencia de juego inmersiva. Interior retroiluminado por iluminaci\u00f3n LEDs multicolor combinando efectos intermitentes autom\u00e1ticos. Con bot\u00f3n izquierdo, derecho y rueda de scroll central. Incluye conexi\u00f3n USB con cable de 130 cm.<\/p>","protected":false},"excerpt":{"rendered":"<p>Luces Led Multicolor. \u00d3ptico. Conexi\u00f3n USB<\/p>","protected":false},"featured_media":73081,"comment_status":"open","ping_status":"open","template":"","meta":{"inline_featured_image":false},"product_brand":[],"product_cat":[95],"product_tag":[],"class_list":{"0":"post-50611","1":"product","2":"type-product","3":"status-publish","4":"has-post-thumbnail","6":"product_cat-tecnologia-y-accesorios","8":"first","9":"instock","10":"taxable","11":"shipping-taxable","12":"purchasable","13":"product-type-variable","14":"has-default-attributes"},"aioseo_notices":[],"_links":{"self":[{"href":"https:\/\/imprimeideas.es\/en\/wp-json\/wp\/v2\/product\/50611","targetHints":{"allow":["GET"]}}],"collection":[{"href":"https:\/\/imprimeideas.es\/en\/wp-json\/wp\/v2\/product"}],"about":[{"href":"https:\/\/imprimeideas.es\/en\/wp-json\/wp\/v2\/types\/product"}],"replies":[{"embeddable":true,"href":"https:\/\/imprimeideas.es\/en\/wp-json\/wp\/v2\/comments?post=50611"}],"version-history":[{"count":1,"href":"https:\/\/imprimeideas.es\/en\/wp-json\/wp\/v2\/product\/50611\/revisions"}],"predecessor-version":[{"id":58171,"href":"https:\/\/imprimeideas.es\/en\/wp-json\/wp\/v2\/product\/50611\/revisions\/58171"}],"wp:featuredmedia":[{"embeddable":true,"href":"https:\/\/imprimeideas.es\/en\/wp-json\/wp\/v2\/media\/73081"}],"wp:attachment":[{"href":"https:\/\/imprimeideas.es\/en\/wp-json\/wp\/v2\/media?parent=50611"}],"wp:term":[{"taxonomy":"product_brand","embeddable":true,"href":"https:\/\/imprimeideas.es\/en\/wp-json\/wp\/v2\/product_brand?post=50611"},{"taxonomy":"product_cat","embeddable":true,"href":"https:\/\/imprimeideas.es\/en\/wp-json\/wp\/v2\/product_cat?post=50611"},{"taxonomy":"product_tag","embeddable":true,"href":"https:\/\/imprimeideas.es\/en\/wp-json\/wp\/v2\/product_tag?post=50611"}],"curies":[{"name":"wp","href":"https:\/\/api.w.org\/{rel}","templated":true}]}}