{"id":50599,"date":"2026-02-24T12:41:42","date_gmt":"2026-02-24T11:41:42","guid":{"rendered":"https:\/\/imprimeideas.es\/?post_type=product&p=50599"},"modified":"2026-02-26T18:13:43","modified_gmt":"2026-02-26T17:13:43","slug":"luz-emergencia-v16-geolocalizada-busby","status":"publish","type":"product","link":"https:\/\/imprimeideas.es\/en\/product\/luz-emergencia-v16-geolocalizada-busby\/","title":{"rendered":"Luz Emergencia V16 Geolocalizada Busby"},"content":{"rendered":"<p>Luz de emergencia V16 Geolocalizada para veh\u00edculos. Fabricada conforme a la normativa de seguridad vigente y homologada por laboratorio acreditado LCOE, seg\u00fan requisitos de la DGT , con n\u00famero de homologaci\u00f3n marcado en la parte superior del art\u00edculo. De activaci\u00f3n manual y con base de fijaci\u00f3n magn\u00e9tica. Resistencia al viento de hasta 180Pa, visibilidad 360 -hasta 1 km de distancia- y resistencia al agua conforme a est\u00e1ndares IP54. De tama\u00f1o compacto para guardar en cualquier compartimento del veh\u00edculo y tenerla a mano en caso de emergencia. Presentada en caja individual de dise\u00f1o. Manual incluido (espa\u00f1ol e ingl\u00e9s). Alimentaci\u00f3n a pilas (1x9V 6LR61 bater\u00eda incluida).Certificado de Cumplimiento 2023010084G1 emitido por LCOE, conforme a los requisitos de la DGT.APP gratuita disponible para Android e iOS, que le permitir\u00e1 agilizar el contacto con su aseguradora y servicio de emergencias en caso de accidente o aver\u00eda.<\/p>","protected":false},"excerpt":{"rendered":"<p>8 Ledes Intermitentes. Magn\u00e9tica. Pila Incluida<\/p>","protected":false},"featured_media":80058,"comment_status":"open","ping_status":"open","template":"","meta":{"inline_featured_image":false},"product_brand":[],"product_cat":[110],"product_tag":[],"class_list":{"0":"post-50599","1":"product","2":"type-product","3":"status-publish","4":"has-post-thumbnail","6":"product_cat-herramientas-brico-y-automovil","8":"first","9":"instock","10":"taxable","11":"shipping-taxable","12":"purchasable","13":"product-type-variable","14":"has-default-attributes"},"aioseo_notices":[],"_links":{"self":[{"href":"https:\/\/imprimeideas.es\/en\/wp-json\/wp\/v2\/product\/50599","targetHints":{"allow":["GET"]}}],"collection":[{"href":"https:\/\/imprimeideas.es\/en\/wp-json\/wp\/v2\/product"}],"about":[{"href":"https:\/\/imprimeideas.es\/en\/wp-json\/wp\/v2\/types\/product"}],"replies":[{"embeddable":true,"href":"https:\/\/imprimeideas.es\/en\/wp-json\/wp\/v2\/comments?post=50599"}],"version-history":[{"count":1,"href":"https:\/\/imprimeideas.es\/en\/wp-json\/wp\/v2\/product\/50599\/revisions"}],"predecessor-version":[{"id":59129,"href":"https:\/\/imprimeideas.es\/en\/wp-json\/wp\/v2\/product\/50599\/revisions\/59129"}],"wp:featuredmedia":[{"embeddable":true,"href":"https:\/\/imprimeideas.es\/en\/wp-json\/wp\/v2\/media\/80058"}],"wp:attachment":[{"href":"https:\/\/imprimeideas.es\/en\/wp-json\/wp\/v2\/media?parent=50599"}],"wp:term":[{"taxonomy":"product_brand","embeddable":true,"href":"https:\/\/imprimeideas.es\/en\/wp-json\/wp\/v2\/product_brand?post=50599"},{"taxonomy":"product_cat","embeddable":true,"href":"https:\/\/imprimeideas.es\/en\/wp-json\/wp\/v2\/product_cat?post=50599"},{"taxonomy":"product_tag","embeddable":true,"href":"https:\/\/imprimeideas.es\/en\/wp-json\/wp\/v2\/product_tag?post=50599"}],"curies":[{"name":"wp","href":"https:\/\/api.w.org\/{rel}","templated":true}]}}