{"id":50580,"date":"2026-02-24T12:41:39","date_gmt":"2026-02-24T11:41:39","guid":{"rendered":"https:\/\/imprimeideas.es\/?post_type=product&p=50580"},"modified":"2026-02-26T18:08:13","modified_gmt":"2026-02-26T17:08:13","slug":"auriculares-gumex","status":"publish","type":"product","link":"https:\/\/imprimeideas.es\/en\/product\/auriculares-gumex\/","title":{"rendered":"Auriculares Gumex"},"content":{"rendered":"<p>Auriculares intraurales con dise\u00f1o ergon\u00f3mico y sujeci\u00f3n firme que se adapta alrededor de la oreja, con conexi\u00f3n Bluetooth 5.4. Incluyen un estuche con tapa abatible y bater\u00eda integrada de 200 mAh. Auriculares con control t\u00e1ctil integrado y funci\u00f3n manos libres, ideales para llamadas y m\u00fasica. Recargables mediante cable Tipo C -incluido-.<\/p>","protected":false},"excerpt":{"rendered":"<p>Conexi\u00f3n Bluetooth. Bater\u00eda 30 mAh\/ Base Carga 200 mAh<\/p>","protected":false},"featured_media":80886,"comment_status":"open","ping_status":"open","template":"","meta":{"inline_featured_image":false},"product_brand":[],"product_cat":[101,95],"product_tag":[],"class_list":{"0":"post-50580","1":"product","2":"type-product","3":"status-publish","4":"has-post-thumbnail","6":"product_cat-deporte-y-aventura","7":"product_cat-tecnologia-y-accesorios","9":"first","10":"instock","11":"taxable","12":"shipping-taxable","13":"purchasable","14":"product-type-variable","15":"has-default-attributes"},"aioseo_notices":[],"_links":{"self":[{"href":"https:\/\/imprimeideas.es\/en\/wp-json\/wp\/v2\/product\/50580","targetHints":{"allow":["GET"]}}],"collection":[{"href":"https:\/\/imprimeideas.es\/en\/wp-json\/wp\/v2\/product"}],"about":[{"href":"https:\/\/imprimeideas.es\/en\/wp-json\/wp\/v2\/types\/product"}],"replies":[{"embeddable":true,"href":"https:\/\/imprimeideas.es\/en\/wp-json\/wp\/v2\/comments?post=50580"}],"version-history":[{"count":1,"href":"https:\/\/imprimeideas.es\/en\/wp-json\/wp\/v2\/product\/50580\/revisions"}],"predecessor-version":[{"id":58164,"href":"https:\/\/imprimeideas.es\/en\/wp-json\/wp\/v2\/product\/50580\/revisions\/58164"}],"wp:featuredmedia":[{"embeddable":true,"href":"https:\/\/imprimeideas.es\/en\/wp-json\/wp\/v2\/media\/80886"}],"wp:attachment":[{"href":"https:\/\/imprimeideas.es\/en\/wp-json\/wp\/v2\/media?parent=50580"}],"wp:term":[{"taxonomy":"product_brand","embeddable":true,"href":"https:\/\/imprimeideas.es\/en\/wp-json\/wp\/v2\/product_brand?post=50580"},{"taxonomy":"product_cat","embeddable":true,"href":"https:\/\/imprimeideas.es\/en\/wp-json\/wp\/v2\/product_cat?post=50580"},{"taxonomy":"product_tag","embeddable":true,"href":"https:\/\/imprimeideas.es\/en\/wp-json\/wp\/v2\/product_tag?post=50580"}],"curies":[{"name":"wp","href":"https:\/\/api.w.org\/{rel}","templated":true}]}}