{"id":50555,"date":"2026-02-24T12:41:36","date_gmt":"2026-02-24T11:41:36","guid":{"rendered":"https:\/\/imprimeideas.es\/?post_type=product&p=50555"},"modified":"2026-02-26T18:23:21","modified_gmt":"2026-02-26T17:23:21","slug":"mochila-necco","status":"publish","type":"product","link":"https:\/\/imprimeideas.es\/en\/product\/mochila-necco\/","title":{"rendered":"Mochila Necco"},"content":{"rendered":"<p>Mochila fabricada en suave poli\u00e9ster RPET 600D. Con bolsillo principal de cierre de cremallera con doble tirador. Bolsillo interior para port\u00e1til de hasta 15 pulgadas y Tablet de hasta 10 pulgadas. Incluye dos bolsillos frontales con cierre de cremallera y bolsillos en los laterales. Espalda y cintas acolchadas ajustables. Incluye cinta de transporte para ajuste en trolley o maleta, ideal para viajes. Con distintivo de RPET en etiqueta.El material RPET se elabora a partir de pl\u00e1stico reciclado, para as\u00ed fomentar la reutilizaci\u00f3n de residuos pl\u00e1sticos y ayudar a la sostenibilidad del planeta.<\/p>","protected":false},"excerpt":{"rendered":"<p>Bolsillo Acolchado para Port\u00e1til y Tablet. Parte Trasera y Cintas Acolchadas<\/p>","protected":false},"featured_media":78891,"comment_status":"open","ping_status":"open","template":"","meta":{"inline_featured_image":false},"product_brand":[],"product_cat":[94],"product_tag":[],"class_list":{"0":"post-50555","1":"product","2":"type-product","3":"status-publish","4":"has-post-thumbnail","6":"product_cat-mochilas","8":"first","9":"instock","10":"taxable","11":"shipping-taxable","12":"purchasable","13":"product-type-variable","14":"has-default-attributes"},"aioseo_notices":[],"_links":{"self":[{"href":"https:\/\/imprimeideas.es\/en\/wp-json\/wp\/v2\/product\/50555","targetHints":{"allow":["GET"]}}],"collection":[{"href":"https:\/\/imprimeideas.es\/en\/wp-json\/wp\/v2\/product"}],"about":[{"href":"https:\/\/imprimeideas.es\/en\/wp-json\/wp\/v2\/types\/product"}],"replies":[{"embeddable":true,"href":"https:\/\/imprimeideas.es\/en\/wp-json\/wp\/v2\/comments?post=50555"}],"version-history":[{"count":1,"href":"https:\/\/imprimeideas.es\/en\/wp-json\/wp\/v2\/product\/50555\/revisions"}],"predecessor-version":[{"id":58159,"href":"https:\/\/imprimeideas.es\/en\/wp-json\/wp\/v2\/product\/50555\/revisions\/58159"}],"wp:featuredmedia":[{"embeddable":true,"href":"https:\/\/imprimeideas.es\/en\/wp-json\/wp\/v2\/media\/78891"}],"wp:attachment":[{"href":"https:\/\/imprimeideas.es\/en\/wp-json\/wp\/v2\/media?parent=50555"}],"wp:term":[{"taxonomy":"product_brand","embeddable":true,"href":"https:\/\/imprimeideas.es\/en\/wp-json\/wp\/v2\/product_brand?post=50555"},{"taxonomy":"product_cat","embeddable":true,"href":"https:\/\/imprimeideas.es\/en\/wp-json\/wp\/v2\/product_cat?post=50555"},{"taxonomy":"product_tag","embeddable":true,"href":"https:\/\/imprimeideas.es\/en\/wp-json\/wp\/v2\/product_tag?post=50555"}],"curies":[{"name":"wp","href":"https:\/\/api.w.org\/{rel}","templated":true}]}}