{"id":50545,"date":"2026-02-24T12:41:34","date_gmt":"2026-02-24T11:41:34","guid":{"rendered":"https:\/\/imprimeideas.es\/?post_type=product&p=50545"},"modified":"2026-02-26T18:32:58","modified_gmt":"2026-02-26T17:32:58","slug":"neceser-besner","status":"publish","type":"product","link":"https:\/\/imprimeideas.es\/en\/product\/neceser-besner\/","title":{"rendered":"Neceser Besner"},"content":{"rendered":"<p>Neceser multiusos en suave PU. Bolsillo principal y bolsillo frontal, con cierres de cremallera y tiradores met\u00e1licos. Y pr\u00e1ctica asa de mano para un c\u00f3modo transporte.<\/p>","protected":false},"excerpt":{"rendered":"<p>Neceser multiusos en suave PU. Bolsillo principal y bolsillo frontal, con cierres de cremallera y tiradores met\u00e1licos. Y pr\u00e1ctica asa<\/p>","protected":false},"featured_media":58916,"comment_status":"open","ping_status":"open","template":"","meta":{"inline_featured_image":false},"product_brand":[],"product_cat":[107],"product_tag":[],"class_list":{"0":"post-50545","1":"product","2":"type-product","3":"status-publish","4":"has-post-thumbnail","6":"product_cat-cuidado-personal-y-pharma","8":"first","9":"instock","10":"taxable","11":"shipping-taxable","12":"purchasable","13":"product-type-variable","14":"has-default-attributes"},"aioseo_notices":[],"_links":{"self":[{"href":"https:\/\/imprimeideas.es\/en\/wp-json\/wp\/v2\/product\/50545","targetHints":{"allow":["GET"]}}],"collection":[{"href":"https:\/\/imprimeideas.es\/en\/wp-json\/wp\/v2\/product"}],"about":[{"href":"https:\/\/imprimeideas.es\/en\/wp-json\/wp\/v2\/types\/product"}],"replies":[{"embeddable":true,"href":"https:\/\/imprimeideas.es\/en\/wp-json\/wp\/v2\/comments?post=50545"}],"version-history":[{"count":1,"href":"https:\/\/imprimeideas.es\/en\/wp-json\/wp\/v2\/product\/50545\/revisions"}],"predecessor-version":[{"id":58156,"href":"https:\/\/imprimeideas.es\/en\/wp-json\/wp\/v2\/product\/50545\/revisions\/58156"}],"wp:featuredmedia":[{"embeddable":true,"href":"https:\/\/imprimeideas.es\/en\/wp-json\/wp\/v2\/media\/58916"}],"wp:attachment":[{"href":"https:\/\/imprimeideas.es\/en\/wp-json\/wp\/v2\/media?parent=50545"}],"wp:term":[{"taxonomy":"product_brand","embeddable":true,"href":"https:\/\/imprimeideas.es\/en\/wp-json\/wp\/v2\/product_brand?post=50545"},{"taxonomy":"product_cat","embeddable":true,"href":"https:\/\/imprimeideas.es\/en\/wp-json\/wp\/v2\/product_cat?post=50545"},{"taxonomy":"product_tag","embeddable":true,"href":"https:\/\/imprimeideas.es\/en\/wp-json\/wp\/v2\/product_tag?post=50545"}],"curies":[{"name":"wp","href":"https:\/\/api.w.org\/{rel}","templated":true}]}}