{"id":50541,"date":"2026-02-24T12:41:34","date_gmt":"2026-02-24T11:41:34","guid":{"rendered":"https:\/\/imprimeideas.es\/?post_type=product&p=50541"},"modified":"2026-02-26T18:42:28","modified_gmt":"2026-02-26T17:42:28","slug":"trolley-corbin","status":"publish","type":"product","link":"https:\/\/imprimeideas.es\/en\/product\/trolley-corbin\/","title":{"rendered":"Trolley Corbin"},"content":{"rendered":"<p>Pr\u00e1ctico trolley de 4 ruedas giratorias, en r\u00edgido ABS. Vers\u00e1til por sus m\u00faltiples funciones por sus patas laterales con forma gancho, su pr\u00e1ctico soporte posavasos plegable y su soporte para tablets, con cierre de cremallera de doble tirador. Interior con diversos compartimentos y diversos bolsillos para peque\u00f1os objetos.<\/p>","protected":false},"excerpt":{"rendered":"<p>R\u00edgido. 8 Ruedas Giratorias. Cierre Seguridad<\/p>","protected":false},"featured_media":69349,"comment_status":"open","ping_status":"open","template":"","meta":{"inline_featured_image":false},"product_brand":[],"product_cat":[103],"product_tag":[],"class_list":{"0":"post-50541","1":"product","2":"type-product","3":"status-publish","4":"has-post-thumbnail","6":"product_cat-viaje","8":"first","9":"instock","10":"taxable","11":"shipping-taxable","12":"purchasable","13":"product-type-variable","14":"has-default-attributes"},"aioseo_notices":[],"_links":{"self":[{"href":"https:\/\/imprimeideas.es\/en\/wp-json\/wp\/v2\/product\/50541","targetHints":{"allow":["GET"]}}],"collection":[{"href":"https:\/\/imprimeideas.es\/en\/wp-json\/wp\/v2\/product"}],"about":[{"href":"https:\/\/imprimeideas.es\/en\/wp-json\/wp\/v2\/types\/product"}],"replies":[{"embeddable":true,"href":"https:\/\/imprimeideas.es\/en\/wp-json\/wp\/v2\/comments?post=50541"}],"version-history":[{"count":1,"href":"https:\/\/imprimeideas.es\/en\/wp-json\/wp\/v2\/product\/50541\/revisions"}],"predecessor-version":[{"id":58155,"href":"https:\/\/imprimeideas.es\/en\/wp-json\/wp\/v2\/product\/50541\/revisions\/58155"}],"wp:featuredmedia":[{"embeddable":true,"href":"https:\/\/imprimeideas.es\/en\/wp-json\/wp\/v2\/media\/69349"}],"wp:attachment":[{"href":"https:\/\/imprimeideas.es\/en\/wp-json\/wp\/v2\/media?parent=50541"}],"wp:term":[{"taxonomy":"product_brand","embeddable":true,"href":"https:\/\/imprimeideas.es\/en\/wp-json\/wp\/v2\/product_brand?post=50541"},{"taxonomy":"product_cat","embeddable":true,"href":"https:\/\/imprimeideas.es\/en\/wp-json\/wp\/v2\/product_cat?post=50541"},{"taxonomy":"product_tag","embeddable":true,"href":"https:\/\/imprimeideas.es\/en\/wp-json\/wp\/v2\/product_tag?post=50541"}],"curies":[{"name":"wp","href":"https:\/\/api.w.org\/{rel}","templated":true}]}}