{"id":50537,"date":"2026-02-24T12:41:33","date_gmt":"2026-02-24T11:41:33","guid":{"rendered":"https:\/\/imprimeideas.es\/?post_type=product&p=50537"},"modified":"2026-02-26T18:33:01","modified_gmt":"2026-02-26T17:33:01","slug":"bidon-termico-royan","status":"publish","type":"product","link":"https:\/\/imprimeideas.es\/en\/product\/bidon-termico-royan\/","title":{"rendered":"Bid\u00f3n T\u00e9rmico Royan"},"content":{"rendered":"<p>Bid\u00f3n t\u00e9rmico de acero inox y doble pared de 500 ml de capacidad, con medidor de temperatura anal\u00f3gica, con rango de 0\u00ba a 100\u00ba. Con tap\u00f3n de seguridad, asa de silicona integrada y cuerpo a juego. Libre de BPA.<\/p>","protected":false},"excerpt":{"rendered":"<p>500 ml. Medidor Temperatura<\/p>","protected":false},"featured_media":71494,"comment_status":"open","ping_status":"open","template":"","meta":{"inline_featured_image":false},"product_brand":[],"product_cat":[97],"product_tag":[],"class_list":{"0":"post-50537","1":"product","2":"type-product","3":"status-publish","4":"has-post-thumbnail","6":"product_cat-tazas-jarras-y-termos","8":"first","9":"instock","10":"taxable","11":"shipping-taxable","12":"purchasable","13":"product-type-variable","14":"has-default-attributes"},"aioseo_notices":[],"_links":{"self":[{"href":"https:\/\/imprimeideas.es\/en\/wp-json\/wp\/v2\/product\/50537","targetHints":{"allow":["GET"]}}],"collection":[{"href":"https:\/\/imprimeideas.es\/en\/wp-json\/wp\/v2\/product"}],"about":[{"href":"https:\/\/imprimeideas.es\/en\/wp-json\/wp\/v2\/types\/product"}],"replies":[{"embeddable":true,"href":"https:\/\/imprimeideas.es\/en\/wp-json\/wp\/v2\/comments?post=50537"}],"version-history":[{"count":1,"href":"https:\/\/imprimeideas.es\/en\/wp-json\/wp\/v2\/product\/50537\/revisions"}],"predecessor-version":[{"id":58154,"href":"https:\/\/imprimeideas.es\/en\/wp-json\/wp\/v2\/product\/50537\/revisions\/58154"}],"wp:featuredmedia":[{"embeddable":true,"href":"https:\/\/imprimeideas.es\/en\/wp-json\/wp\/v2\/media\/71494"}],"wp:attachment":[{"href":"https:\/\/imprimeideas.es\/en\/wp-json\/wp\/v2\/media?parent=50537"}],"wp:term":[{"taxonomy":"product_brand","embeddable":true,"href":"https:\/\/imprimeideas.es\/en\/wp-json\/wp\/v2\/product_brand?post=50537"},{"taxonomy":"product_cat","embeddable":true,"href":"https:\/\/imprimeideas.es\/en\/wp-json\/wp\/v2\/product_cat?post=50537"},{"taxonomy":"product_tag","embeddable":true,"href":"https:\/\/imprimeideas.es\/en\/wp-json\/wp\/v2\/product_tag?post=50537"}],"curies":[{"name":"wp","href":"https:\/\/api.w.org\/{rel}","templated":true}]}}