{"id":50523,"date":"2026-02-24T12:41:31","date_gmt":"2026-02-24T11:41:31","guid":{"rendered":"https:\/\/imprimeideas.es\/?post_type=product&p=50523"},"modified":"2026-02-26T18:33:02","modified_gmt":"2026-02-26T17:33:02","slug":"set-okafor","status":"publish","type":"product","link":"https:\/\/imprimeideas.es\/en\/product\/set-okafor\/","title":{"rendered":"Set Okafor"},"content":{"rendered":"<p>Set de bol\u00edgrafo y l\u00e1piz eterno fabricados en ca\u00f1a de trigo y bamb\u00fa. Bol\u00edgrafo con mecanismo pulsador fabricado en bamb\u00fa de tinta azul y clip a juego. Y l\u00e1piz con mecanismo pulsador fabricado en bamb\u00fa con punta eterna, para as\u00ed usar siempre el mismo l\u00e1piz y no generar residuos. Presentados en estuche de cart\u00f3n reciclado. Con distintivo de ca\u00f1a de trigo impreso.Elaborado con elementos vegetales para as\u00ed fomentar la utilizaci\u00f3n de materias primas naturales y reducir las emisiones contaminantes.<\/p>","protected":false},"excerpt":{"rendered":"<p>Bol\u00edgrafo y L\u00e1piz Eterno<\/p>","protected":false},"featured_media":76222,"comment_status":"open","ping_status":"open","template":"","meta":{"inline_featured_image":false},"product_brand":[],"product_cat":[100],"product_tag":[],"class_list":{"0":"post-50523","1":"product","2":"type-product","3":"status-publish","4":"has-post-thumbnail","6":"product_cat-escritura","8":"first","9":"instock","10":"taxable","11":"shipping-taxable","12":"purchasable","13":"product-type-variable","14":"has-default-attributes"},"aioseo_notices":[],"_links":{"self":[{"href":"https:\/\/imprimeideas.es\/en\/wp-json\/wp\/v2\/product\/50523","targetHints":{"allow":["GET"]}}],"collection":[{"href":"https:\/\/imprimeideas.es\/en\/wp-json\/wp\/v2\/product"}],"about":[{"href":"https:\/\/imprimeideas.es\/en\/wp-json\/wp\/v2\/types\/product"}],"replies":[{"embeddable":true,"href":"https:\/\/imprimeideas.es\/en\/wp-json\/wp\/v2\/comments?post=50523"}],"version-history":[{"count":1,"href":"https:\/\/imprimeideas.es\/en\/wp-json\/wp\/v2\/product\/50523\/revisions"}],"predecessor-version":[{"id":58149,"href":"https:\/\/imprimeideas.es\/en\/wp-json\/wp\/v2\/product\/50523\/revisions\/58149"}],"wp:featuredmedia":[{"embeddable":true,"href":"https:\/\/imprimeideas.es\/en\/wp-json\/wp\/v2\/media\/76222"}],"wp:attachment":[{"href":"https:\/\/imprimeideas.es\/en\/wp-json\/wp\/v2\/media?parent=50523"}],"wp:term":[{"taxonomy":"product_brand","embeddable":true,"href":"https:\/\/imprimeideas.es\/en\/wp-json\/wp\/v2\/product_brand?post=50523"},{"taxonomy":"product_cat","embeddable":true,"href":"https:\/\/imprimeideas.es\/en\/wp-json\/wp\/v2\/product_cat?post=50523"},{"taxonomy":"product_tag","embeddable":true,"href":"https:\/\/imprimeideas.es\/en\/wp-json\/wp\/v2\/product_tag?post=50523"}],"curies":[{"name":"wp","href":"https:\/\/api.w.org\/{rel}","templated":true}]}}