{"id":50519,"date":"2026-02-24T12:41:31","date_gmt":"2026-02-24T11:41:31","guid":{"rendered":"https:\/\/imprimeideas.es\/?post_type=product&p=50519"},"modified":"2026-02-26T18:42:30","modified_gmt":"2026-02-26T17:42:30","slug":"set-dayal","status":"publish","type":"product","link":"https:\/\/imprimeideas.es\/en\/product\/set-dayal\/","title":{"rendered":"Set Dayal"},"content":{"rendered":"<p>Set compuesto por un bol\u00edgrafo de tinta azul y un l\u00e1piz eterno, ambos fabricados en RABS. El l\u00e1piz eterno ofrece escritura continua, evitando generar residuos, y ambos cuentan con mecanismo pulsador. Dise\u00f1ados con clip a juego y detalles cromados. Presentados en estuche de cart\u00f3n reciclado de color negro. Con distintivo de RABS impreso.<\/p>","protected":false},"excerpt":{"rendered":"<p>Bol\u00edgrafo y L\u00e1piz Eterno<\/p>","protected":false},"featured_media":66894,"comment_status":"open","ping_status":"open","template":"","meta":{"inline_featured_image":false},"product_brand":[],"product_cat":[100],"product_tag":[],"class_list":{"0":"post-50519","1":"product","2":"type-product","3":"status-publish","4":"has-post-thumbnail","6":"product_cat-escritura","8":"first","9":"instock","10":"taxable","11":"shipping-taxable","12":"purchasable","13":"product-type-variable","14":"has-default-attributes"},"aioseo_notices":[],"_links":{"self":[{"href":"https:\/\/imprimeideas.es\/en\/wp-json\/wp\/v2\/product\/50519","targetHints":{"allow":["GET"]}}],"collection":[{"href":"https:\/\/imprimeideas.es\/en\/wp-json\/wp\/v2\/product"}],"about":[{"href":"https:\/\/imprimeideas.es\/en\/wp-json\/wp\/v2\/types\/product"}],"replies":[{"embeddable":true,"href":"https:\/\/imprimeideas.es\/en\/wp-json\/wp\/v2\/comments?post=50519"}],"version-history":[{"count":1,"href":"https:\/\/imprimeideas.es\/en\/wp-json\/wp\/v2\/product\/50519\/revisions"}],"predecessor-version":[{"id":58148,"href":"https:\/\/imprimeideas.es\/en\/wp-json\/wp\/v2\/product\/50519\/revisions\/58148"}],"wp:featuredmedia":[{"embeddable":true,"href":"https:\/\/imprimeideas.es\/en\/wp-json\/wp\/v2\/media\/66894"}],"wp:attachment":[{"href":"https:\/\/imprimeideas.es\/en\/wp-json\/wp\/v2\/media?parent=50519"}],"wp:term":[{"taxonomy":"product_brand","embeddable":true,"href":"https:\/\/imprimeideas.es\/en\/wp-json\/wp\/v2\/product_brand?post=50519"},{"taxonomy":"product_cat","embeddable":true,"href":"https:\/\/imprimeideas.es\/en\/wp-json\/wp\/v2\/product_cat?post=50519"},{"taxonomy":"product_tag","embeddable":true,"href":"https:\/\/imprimeideas.es\/en\/wp-json\/wp\/v2\/product_tag?post=50519"}],"curies":[{"name":"wp","href":"https:\/\/api.w.org\/{rel}","templated":true}]}}