{"id":50517,"date":"2026-02-24T12:41:30","date_gmt":"2026-02-24T11:41:30","guid":{"rendered":"https:\/\/imprimeideas.es\/?post_type=product&p=50517"},"modified":"2026-02-26T18:33:07","modified_gmt":"2026-02-26T17:33:07","slug":"lapicero-soporte-manish","status":"publish","type":"product","link":"https:\/\/imprimeideas.es\/en\/product\/lapicero-soporte-manish\/","title":{"rendered":"Lapicero Soporte Manish"},"content":{"rendered":"<p>Lapicero de malla met\u00e1lica con base de bamb\u00fa natural. Dise\u00f1ado con un pr\u00e1ctico soporte integrado para smartphone.Materiales como el Bamb\u00fa fomentan la utilizaci\u00f3n de materias primas naturales reduciendo las emisiones contaminantes. Adem\u00e1s, el bamb\u00fa proviene de una planta de gran resistencia y versatilidad, con crecimiento y regeneraci\u00f3n r\u00e1pida, siendo una excelente alternativa al uso de madera tradicional.<\/p>","protected":false},"excerpt":{"rendered":"<p>Lapicero de malla met\u00e1lica con base de bamb\u00fa natural. Dise\u00f1ado con un pr\u00e1ctico soporte integrado para smartphone.Materiales como el Bamb\u00fa<\/p>","protected":false},"featured_media":81509,"comment_status":"open","ping_status":"open","template":"","meta":{"inline_featured_image":false},"product_brand":[],"product_cat":[96],"product_tag":[],"class_list":{"0":"post-50517","1":"product","2":"type-product","3":"status-publish","4":"has-post-thumbnail","6":"product_cat-oficina-y-negocios","8":"first","9":"outofstock","10":"taxable","11":"shipping-taxable","12":"purchasable","13":"product-type-variable","14":"has-default-attributes"},"aioseo_notices":[],"_links":{"self":[{"href":"https:\/\/imprimeideas.es\/en\/wp-json\/wp\/v2\/product\/50517","targetHints":{"allow":["GET"]}}],"collection":[{"href":"https:\/\/imprimeideas.es\/en\/wp-json\/wp\/v2\/product"}],"about":[{"href":"https:\/\/imprimeideas.es\/en\/wp-json\/wp\/v2\/types\/product"}],"replies":[{"embeddable":true,"href":"https:\/\/imprimeideas.es\/en\/wp-json\/wp\/v2\/comments?post=50517"}],"version-history":[{"count":1,"href":"https:\/\/imprimeideas.es\/en\/wp-json\/wp\/v2\/product\/50517\/revisions"}],"predecessor-version":[{"id":58147,"href":"https:\/\/imprimeideas.es\/en\/wp-json\/wp\/v2\/product\/50517\/revisions\/58147"}],"wp:featuredmedia":[{"embeddable":true,"href":"https:\/\/imprimeideas.es\/en\/wp-json\/wp\/v2\/media\/81509"}],"wp:attachment":[{"href":"https:\/\/imprimeideas.es\/en\/wp-json\/wp\/v2\/media?parent=50517"}],"wp:term":[{"taxonomy":"product_brand","embeddable":true,"href":"https:\/\/imprimeideas.es\/en\/wp-json\/wp\/v2\/product_brand?post=50517"},{"taxonomy":"product_cat","embeddable":true,"href":"https:\/\/imprimeideas.es\/en\/wp-json\/wp\/v2\/product_cat?post=50517"},{"taxonomy":"product_tag","embeddable":true,"href":"https:\/\/imprimeideas.es\/en\/wp-json\/wp\/v2\/product_tag?post=50517"}],"curies":[{"name":"wp","href":"https:\/\/api.w.org\/{rel}","templated":true}]}}