{"id":50502,"date":"2026-02-24T12:41:28","date_gmt":"2026-02-24T11:41:28","guid":{"rendered":"https:\/\/imprimeideas.es\/?post_type=product&p=50502"},"modified":"2026-02-26T18:08:25","modified_gmt":"2026-02-26T17:08:25","slug":"sombrero-enzox","status":"publish","type":"product","link":"https:\/\/imprimeideas.es\/en\/product\/sombrero-enzox\/","title":{"rendered":"Sombrero Enzox"},"content":{"rendered":"<p>Sombrero confeccionado en poli\u00e9ster con luces LEDs multicolor distribuidas por toda la superficie, con tres modos de iluminaci\u00f3n (fijo, parpadeo lento y parpadeo r\u00e1pido). Funciona con pilas de bot\u00f3n -incluidas- y cuenta con un discreto bot\u00f3n on\/off en el lateral.<\/p>","protected":false},"excerpt":{"rendered":"<p>Luces Led Multicolor. Pilas Bot\u00f3n Incluidas<\/p>","protected":false},"featured_media":69723,"comment_status":"open","ping_status":"open","template":"","meta":{"inline_featured_image":false},"product_brand":[],"product_cat":[113],"product_tag":[],"class_list":{"0":"post-50502","1":"product","2":"type-product","3":"status-publish","4":"has-post-thumbnail","6":"product_cat-eventos-y-fiesta","8":"first","9":"instock","10":"taxable","11":"shipping-taxable","12":"purchasable","13":"product-type-variable","14":"has-default-attributes"},"aioseo_notices":[],"_links":{"self":[{"href":"https:\/\/imprimeideas.es\/en\/wp-json\/wp\/v2\/product\/50502","targetHints":{"allow":["GET"]}}],"collection":[{"href":"https:\/\/imprimeideas.es\/en\/wp-json\/wp\/v2\/product"}],"about":[{"href":"https:\/\/imprimeideas.es\/en\/wp-json\/wp\/v2\/types\/product"}],"replies":[{"embeddable":true,"href":"https:\/\/imprimeideas.es\/en\/wp-json\/wp\/v2\/comments?post=50502"}],"version-history":[{"count":1,"href":"https:\/\/imprimeideas.es\/en\/wp-json\/wp\/v2\/product\/50502\/revisions"}],"predecessor-version":[{"id":58144,"href":"https:\/\/imprimeideas.es\/en\/wp-json\/wp\/v2\/product\/50502\/revisions\/58144"}],"wp:featuredmedia":[{"embeddable":true,"href":"https:\/\/imprimeideas.es\/en\/wp-json\/wp\/v2\/media\/69723"}],"wp:attachment":[{"href":"https:\/\/imprimeideas.es\/en\/wp-json\/wp\/v2\/media?parent=50502"}],"wp:term":[{"taxonomy":"product_brand","embeddable":true,"href":"https:\/\/imprimeideas.es\/en\/wp-json\/wp\/v2\/product_brand?post=50502"},{"taxonomy":"product_cat","embeddable":true,"href":"https:\/\/imprimeideas.es\/en\/wp-json\/wp\/v2\/product_cat?post=50502"},{"taxonomy":"product_tag","embeddable":true,"href":"https:\/\/imprimeideas.es\/en\/wp-json\/wp\/v2\/product_tag?post=50502"}],"curies":[{"name":"wp","href":"https:\/\/api.w.org\/{rel}","templated":true}]}}