{"id":50472,"date":"2026-02-24T11:50:31","date_gmt":"2026-02-24T10:50:31","guid":{"rendered":"https:\/\/imprimeideas.es\/?post_type=product&p=50472"},"modified":"2026-02-26T18:28:05","modified_gmt":"2026-02-26T17:28:05","slug":"mochila-ghibli","status":"publish","type":"product","link":"https:\/\/imprimeideas.es\/en\/product\/mochila-ghibli\/","title":{"rendered":"Mochila Ghibli"},"content":{"rendered":"<p>Mochila portadocumentos confeccionada en resistente RPET 300D. Presenta un dise\u00f1o urbano que incorpora un bolsillo principal con cierre de cremallera oculta para mayor protecci\u00f3n, de doble tirador. Con interior acolchado para port\u00e1til de hasta 15 pulgadas, bolsillos adicionales en el interior para peque\u00f1os objetos. Sus cintas de hombros y la espalda est\u00e1n acolchadas y son ajustables para mayor comodidad. Ofrece tres modalidades de transporte: como mochila, gracias a las tiras de hombros colchadas; como portadocumentos, gracias a su asa de transporte; y cinta para trolley.\u00a0El material RPET se elabora a partir de pl\u00e1stico reciclado, para as\u00ed fomentar la reutilizaci\u00f3n de residuos pl\u00e1sticos y ayudar a la sostenibilidad del planeta.<\/p>","protected":false},"excerpt":{"rendered":"<p>Bolsillo Acolchado para Port\u00e1til. Parte Trasera y Cintas Acolchadas<\/p>","protected":false},"featured_media":75876,"comment_status":"open","ping_status":"open","template":"","meta":{"inline_featured_image":false},"product_brand":[],"product_cat":[94],"product_tag":[],"class_list":{"0":"post-50472","1":"product","2":"type-product","3":"status-publish","4":"has-post-thumbnail","6":"product_cat-mochilas","8":"first","9":"instock","10":"taxable","11":"shipping-taxable","12":"purchasable","13":"product-type-variable","14":"has-default-attributes"},"aioseo_notices":[],"_links":{"self":[{"href":"https:\/\/imprimeideas.es\/en\/wp-json\/wp\/v2\/product\/50472","targetHints":{"allow":["GET"]}}],"collection":[{"href":"https:\/\/imprimeideas.es\/en\/wp-json\/wp\/v2\/product"}],"about":[{"href":"https:\/\/imprimeideas.es\/en\/wp-json\/wp\/v2\/types\/product"}],"replies":[{"embeddable":true,"href":"https:\/\/imprimeideas.es\/en\/wp-json\/wp\/v2\/comments?post=50472"}],"version-history":[{"count":1,"href":"https:\/\/imprimeideas.es\/en\/wp-json\/wp\/v2\/product\/50472\/revisions"}],"predecessor-version":[{"id":58138,"href":"https:\/\/imprimeideas.es\/en\/wp-json\/wp\/v2\/product\/50472\/revisions\/58138"}],"wp:featuredmedia":[{"embeddable":true,"href":"https:\/\/imprimeideas.es\/en\/wp-json\/wp\/v2\/media\/75876"}],"wp:attachment":[{"href":"https:\/\/imprimeideas.es\/en\/wp-json\/wp\/v2\/media?parent=50472"}],"wp:term":[{"taxonomy":"product_brand","embeddable":true,"href":"https:\/\/imprimeideas.es\/en\/wp-json\/wp\/v2\/product_brand?post=50472"},{"taxonomy":"product_cat","embeddable":true,"href":"https:\/\/imprimeideas.es\/en\/wp-json\/wp\/v2\/product_cat?post=50472"},{"taxonomy":"product_tag","embeddable":true,"href":"https:\/\/imprimeideas.es\/en\/wp-json\/wp\/v2\/product_tag?post=50472"}],"curies":[{"name":"wp","href":"https:\/\/api.w.org\/{rel}","templated":true}]}}